{"id":10361,"date":"2019-05-31T22:17:53","date_gmt":"2019-05-31T20:17:53","guid":{"rendered":"https:\/\/rusticasfaiges.com\/el-molino\/"},"modified":"2020-08-27T11:15:51","modified_gmt":"2020-08-27T09:15:51","slug":"el-molino","status":"publish","type":"page","link":"https:\/\/rusticasfaiges.com\/ca\/el-molino\/","title":{"rendered":"El mol\u00ed"},"content":{"rendered":"<p>[et_pb_section fb_built=&#8221;1&#8243; _builder_version=&#8221;3.29.3&#8243; background_image=&#8221;https:\/\/rusticasfaiges.com\/wp-content\/uploads\/2019\/06\/el-molino.jpg&#8221; max_height_tablet=&#8221;&#8221; max_height_phone=&#8221;&#8221; max_height_last_edited=&#8221;on|desktop&#8221; custom_padding=&#8221;22px||22px&#8221;][et_pb_row _builder_version=&#8221;3.25&#8243;][et_pb_column type=&#8221;4_4&#8243; _builder_version=&#8221;3.25&#8243; custom_padding=&#8221;|||&#8221; custom_padding__hover=&#8221;|||&#8221;][et_pb_text _builder_version=&#8221;3.27.4&#8243; text_font=&#8221;||||||||&#8221; text_text_color=&#8221;#ffffff&#8221; header_font=&#8221;|700|||||||&#8221; header_text_color=&#8221;#ffffff&#8221; header_font_size=&#8221;48px&#8221; text_orientation=&#8221;center&#8221; max_height=&#8221;363px&#8221; max_height_tablet=&#8221;&#8221; max_height_phone=&#8221;&#8221; max_height_last_edited=&#8221;on|phone&#8221; text_text_align=&#8221;center&#8221;]<\/p>\n<h1>El mol\u00ed<\/h1>\n<p>La passi\u00f3 per la terra i les oliveres ens ha portat a apostar per la creaci\u00f3 d&#8217;un mol\u00ed d&#8217;oli \u00fanic a les Terres de l&#8217;Ebre, totalment informatitzat i orientat a donar un tractament de m\u00e0xima cura a les nostres olives perqu\u00e8 donin un oli d&#8217;oliva exquisit i de qualitat pr\u00e8mium.<\/p>\n<p>Inaugurat el 23 de novembre de 2018 a Roquetes (Baix Ebre), el nou mol\u00ed d&#8217;oli R\u00fastiques Faiges compta amb unes instal\u00b7lacions d&#8217;\u00faltima generaci\u00f3 per rebre les olives recollides directament de l&#8217;arbre de les nostres finques de Roquetes, Tortosa i Mas de Barberans.<\/p>\n<p><span>Equipat amb dues tremuges de 500 kg per a la recepci\u00f3 de les olives de la primera extracci\u00f3 en fred, cinc dip\u00f2sits d&#8217;emmagatzematge d&#8217;oli de 35.000 litres de capacitat cadascun i un laboratori propi, en una hora \u00e9s capa\u00e7 de produir 4.000 kg d&#8217;oli.<\/span><\/p>\n<p>[\/et_pb_text][\/et_pb_column][\/et_pb_row][\/et_pb_section][et_pb_section fb_built=&#8221;1&#8243; _builder_version=&#8221;3.23.3&#8243; custom_padding=&#8221;||77px|||&#8221;][et_pb_row _builder_version=&#8221;3.29.3&#8243; max_width=&#8221;800px&#8221; module_alignment=&#8221;center&#8221; custom_margin=&#8221;|auto||554px||&#8221; custom_padding=&#8221;0px||4px||false|false&#8221;][et_pb_column type=&#8221;4_4&#8243; _builder_version=&#8221;3.25&#8243; custom_padding=&#8221;|||&#8221; custom_padding__hover=&#8221;|||&#8221;][et_pb_text _builder_version=&#8221;3.27.4&#8243; text_font=&#8221;||||||||&#8221; header_font=&#8221;||||||||&#8221; header_2_font=&#8221;|700|||||||&#8221; header_2_text_align=&#8221;center&#8221; header_2_font_size=&#8221;38px&#8221; text_orientation=&#8221;center&#8221; custom_margin=&#8221;||36px|||&#8221; text_text_align=&#8221;center&#8221;]<\/p>\n<h2><span lang=\"CA\">Proc\u00e9s de producci\u00f3<\/span><\/h2>\n<p>Ens encarreguem de tot el proc\u00e9s de producci\u00f3 de l&#8217;oli, des de la recol\u00b7lecci\u00f3 de les olives fins a l&#8217;extracci\u00f3, l&#8217;envasament i el processament adequat dels residus, expressi\u00f3 del nostre comprom\u00eds ecol\u00f2gic i mediambiental.<\/p>\n<p><span>El proc\u00e9s de producci\u00f3 comen\u00e7a quan les olives arriben al mol\u00ed.<\/span><\/p>\n<p>[\/et_pb_text][\/et_pb_column][\/et_pb_row][et_pb_row column_structure=&#8221;1_2,1_2&#8243; _builder_version=&#8221;3.29.3&#8243;][et_pb_column type=&#8221;1_2&#8243; _builder_version=&#8221;3.29.3&#8243;][et_pb_blurb use_icon=&#8221;on&#8221; font_icon=&#8221;%%26%%&#8221; icon_placement=&#8221;left&#8221; content_max_width=&#8221;630px&#8221; _builder_version=&#8221;4.5.1&#8243; body_font=&#8221;|600|||||||&#8221; body_text_align=&#8221;center&#8221; text_orientation=&#8221;center&#8221; animation=&#8221;off&#8221;]Primer es buiden les olives amb fulla inclosa en la tremuja d&#8217;entrada.[\/et_pb_blurb][et_pb_image src=&#8221;https:\/\/rusticasfaiges.com\/wp-content\/uploads\/2019\/06\/tractor-aceitunas.jpg&#8221; align=&#8221;center&#8221; _builder_version=&#8221;3.23.3&#8243;][\/et_pb_image][\/et_pb_column][et_pb_column type=&#8221;1_2&#8243; _builder_version=&#8221;3.29.3&#8243;][et_pb_blurb use_icon=&#8221;on&#8221; font_icon=&#8221;%%26%%&#8221; icon_placement=&#8221;left&#8221; content_max_width=&#8221;630px&#8221; _builder_version=&#8221;4.5.1&#8243; body_font=&#8221;|600|||||||&#8221; body_text_align=&#8221;center&#8221; text_orientation=&#8221;center&#8221; custom_padding_tablet=&#8221;&#8221; custom_padding_phone=&#8221;&#8221; custom_padding_last_edited=&#8221;on|desktop&#8221; animation=&#8221;off&#8221;]A continuaci\u00f3 pugen per la cinta transportadora cap als ventiladors.[\/et_pb_blurb][et_pb_video src=&#8221;https:\/\/rusticasfaiges.com\/wp-content\/uploads\/2019\/06\/3.mp4&#8243; _builder_version=&#8221;3.23.3&#8243;][\/et_pb_video][\/et_pb_column][\/et_pb_row][et_pb_row column_structure=&#8221;1_2,1_2&#8243; custom_padding_last_edited=&#8221;on|tablet&#8221; _builder_version=&#8221;3.29.3&#8243; custom_padding=&#8221;0px||||false|false&#8221; custom_padding_tablet=&#8221;&#8221; custom_padding_phone=&#8221;&#8221;][et_pb_column type=&#8221;1_2&#8243; _builder_version=&#8221;3.29.3&#8243;][et_pb_blurb use_icon=&#8221;on&#8221; font_icon=&#8221;%%26%%&#8221; icon_placement=&#8221;left&#8221; _builder_version=&#8221;4.5.1&#8243; header_font=&#8221;||||||||&#8221; header_text_align=&#8221;center&#8221; body_font=&#8221;|600|||||||&#8221; body_text_align=&#8221;center&#8221; text_orientation=&#8221;center&#8221; custom_padding=&#8221;20px|||||&#8221; custom_padding_tablet=&#8221;20px||||false|false&#8221; custom_padding_phone=&#8221;&#8221; custom_padding_last_edited=&#8221;on|tablet&#8221; animation=&#8221;off&#8221;]Despr\u00e9s les olives cauen a les rentadores per netejar-les.[\/et_pb_blurb][et_pb_image src=&#8221;https:\/\/rusticasfaiges.com\/wp-content\/uploads\/2019\/06\/4.png&#8221; _builder_version=&#8221;3.23.3&#8243;][\/et_pb_image][\/et_pb_column][et_pb_column type=&#8221;1_2&#8243; _builder_version=&#8221;3.29.3&#8243;][et_pb_blurb use_icon=&#8221;on&#8221; font_icon=&#8221;%%26%%&#8221; icon_placement=&#8221;left&#8221; _builder_version=&#8221;3.23.3&#8243; header_font=&#8221;||||||||&#8221; header_text_align=&#8221;center&#8221; body_font=&#8221;|600|||||||&#8221; body_text_align=&#8221;center&#8221; text_orientation=&#8221;center&#8221; custom_padding=&#8221;20px|||||&#8221; animation=&#8221;off&#8221;]<\/p>\n<p>Les olives netes van a les tremuges de recepci\u00f3 de fora.<\/p>\n<p>[\/et_pb_blurb][et_pb_image src=&#8221;https:\/\/rusticasfaiges.com\/wp-content\/uploads\/2019\/06\/5.png&#8221; _builder_version=&#8221;3.23.3&#8243;][\/et_pb_image][\/et_pb_column][\/et_pb_row][et_pb_row column_structure=&#8221;1_2,1_2&#8243; make_equal=&#8221;on&#8221; custom_padding_last_edited=&#8221;on|tablet&#8221; _builder_version=&#8221;3.29.3&#8243; custom_padding=&#8221;0px||||false|false&#8221; custom_padding_tablet=&#8221;&#8221; custom_padding_phone=&#8221;&#8221;][et_pb_column type=&#8221;1_2&#8243; _builder_version=&#8221;3.29.3&#8243;][et_pb_blurb use_icon=&#8221;on&#8221; font_icon=&#8221;%%26%%&#8221; icon_placement=&#8221;left&#8221; content_max_width=&#8221;800px&#8221; _builder_version=&#8221;3.23.3&#8243; header_font=&#8221;||||||||&#8221; header_text_align=&#8221;center&#8221; body_font=&#8221;|600|||||||&#8221; body_text_align=&#8221;center&#8221; text_orientation=&#8221;center&#8221; custom_padding=&#8221;20px|||||&#8221; animation=&#8221;off&#8221;]<\/p>\n<p>De la tremuja gran passen a la trituradora i, amb una bomba, la massa resultant passa cap a la batedora.<\/p>\n<p>[\/et_pb_blurb][et_pb_image src=&#8221;https:\/\/rusticasfaiges.com\/wp-content\/uploads\/2019\/06\/6.png&#8221; _builder_version=&#8221;3.23.3&#8243;][\/et_pb_image][\/et_pb_column][et_pb_column type=&#8221;1_2&#8243; _builder_version=&#8221;3.29.3&#8243;][et_pb_blurb use_icon=&#8221;on&#8221; font_icon=&#8221;%%26%%&#8221; icon_placement=&#8221;left&#8221; content_max_width=&#8221;800px&#8221; _builder_version=&#8221;3.23.3&#8243; header_font=&#8221;||||||||&#8221; header_text_align=&#8221;center&#8221; body_font=&#8221;|600|||||||&#8221; body_text_align=&#8221;center&#8221; text_orientation=&#8221;center&#8221; custom_padding=&#8221;20px|||||&#8221; animation=&#8221;off&#8221;]<\/p>\n<ol>\n<li><span>Aproximadament despr\u00e9s d&#8217;una hora i mitja a la batedora, el greix que surt m\u00f2lt passa al decantador per separar la pasta de l&#8217;oli.<\/span><\/li>\n<\/ol>\n<p>[\/et_pb_blurb][et_pb_video src=&#8221;https:\/\/rusticasfaiges.com\/wp-content\/uploads\/2019\/06\/7.mp4&#8243; _builder_version=&#8221;3.23.3&#8243;][\/et_pb_video][\/et_pb_column][\/et_pb_row][et_pb_row column_structure=&#8221;1_2,1_2&#8243; custom_padding_last_edited=&#8221;on|tablet&#8221; _builder_version=&#8221;3.29.3&#8243; custom_padding_tablet=&#8221;0px||||false|false&#8221; custom_padding_phone=&#8221;&#8221;][et_pb_column type=&#8221;1_2&#8243; _builder_version=&#8221;3.29.3&#8243;][et_pb_blurb use_icon=&#8221;on&#8221; font_icon=&#8221;%%26%%&#8221; icon_placement=&#8221;left&#8221; content_max_width=&#8221;760px&#8221; _builder_version=&#8221;3.29.3&#8243; header_font=&#8221;||||||||&#8221; header_text_align=&#8221;center&#8221; body_font=&#8221;|600|||||||&#8221; body_text_align=&#8221;center&#8221; text_orientation=&#8221;center&#8221; custom_padding=&#8221;20px|||||&#8221; animation=&#8221;off&#8221;]<\/p>\n<ol>\n<li><span>Despr\u00e9s un tam\u00eds s&#8217;encarrega de filtrar les impureses i enviar-lo a la centr\u00edfuga vertical per acabar de netejar l&#8217;oli i separar-lo de l&#8217;aigua.<\/span><\/li>\n<\/ol>\n<p>[\/et_pb_blurb][et_pb_blurb use_icon=&#8221;on&#8221; font_icon=&#8221;%%26%%&#8221; icon_placement=&#8221;left&#8221; content_max_width=&#8221;641px&#8221; _builder_version=&#8221;3.23.3&#8243; header_font=&#8221;||||||||&#8221; header_text_align=&#8221;center&#8221; body_font=&#8221;|600|||||||&#8221; body_text_align=&#8221;center&#8221; text_orientation=&#8221;center&#8221; custom_padding=&#8221;20px|||||&#8221; animation=&#8221;off&#8221;]<\/p>\n<p>Llavors l&#8217;oli passa per unes canonades on s&#8217;acaba de netejar i es filtra.<\/p>\n<p>[\/et_pb_blurb][et_pb_video src=&#8221;https:\/\/rusticasfaiges.com\/wp-content\/uploads\/2019\/06\/8.mp4&#8243; _builder_version=&#8221;3.23.3&#8243;][\/et_pb_video][\/et_pb_column][et_pb_column type=&#8221;1_2&#8243; _builder_version=&#8221;3.29.3&#8243;][et_pb_blurb use_icon=&#8221;on&#8221; font_icon=&#8221;%%26%%&#8221; icon_placement=&#8221;left&#8221; content_max_width=&#8221;800px&#8221; _builder_version=&#8221;3.23.3&#8243; header_font=&#8221;||||||||&#8221; header_text_align=&#8221;center&#8221; body_font=&#8221;|600|||||||&#8221; body_text_align=&#8221;center&#8221; text_orientation=&#8221;center&#8221; custom_padding=&#8221;20px|||||&#8221; animation=&#8221;off&#8221;]<\/p>\n<ol>\n<li><span>De cam\u00ed cap als dip\u00f2sits passa per un \u00faltim filtre perqu\u00e8 l&#8217;oli quedi ben net i sense terbolesa.<\/span><\/li>\n<\/ol>\n<p>[\/et_pb_blurb][et_pb_blurb use_icon=&#8221;on&#8221; font_icon=&#8221;%%26%%&#8221; icon_placement=&#8221;left&#8221; content_max_width=&#8221;800px&#8221; _builder_version=&#8221;3.23.3&#8243; header_font=&#8221;||||||||&#8221; header_text_align=&#8221;center&#8221; body_font=&#8221;|600|||||||&#8221; body_text_align=&#8221;center&#8221; text_orientation=&#8221;center&#8221; custom_padding=&#8221;20px|||||&#8221; animation=&#8221;off&#8221;]<\/p>\n<ol>\n<li><span>Finalment, en una sala de dip\u00f2sits herm\u00e8tica es fan les an\u00e0lisis qu\u00edmiques i organol\u00e8ptiques pertinents per classificar per categories i tipus.<\/span><\/li>\n<\/ol>\n<p>[\/et_pb_blurb][et_pb_video src=&#8221;https:\/\/rusticasfaiges.com\/wp-content\/uploads\/2019\/06\/9.mp4&#8243; _builder_version=&#8221;3.23.3&#8243;][\/et_pb_video][\/et_pb_column][\/et_pb_row][\/et_pb_section][et_pb_section fb_built=&#8221;1&#8243; _builder_version=&#8221;3.23.3&#8243; background_image=&#8221;https:\/\/rusticasfaiges.com\/wp-content\/uploads\/2019\/06\/AdobeStock_163332161_Preview.png&#8221; custom_padding=&#8221;33px||33px&#8221; locked=&#8221;off&#8221;][et_pb_row _builder_version=&#8221;3.25&#8243;][et_pb_column type=&#8221;4_4&#8243; _builder_version=&#8221;3.25&#8243; custom_padding=&#8221;|||&#8221; custom_padding__hover=&#8221;|||&#8221;][et_pb_blurb title=&#8221;Catas y experiencias ole\u00edcolas&#8221; image=&#8221;https:\/\/rusticasfaiges.com\/wp-content\/uploads\/2019\/06\/corazon.png&#8221; content_max_width=&#8221;560px&#8221; _builder_version=&#8221;3.25.4&#8243; header_level=&#8221;h3&#8243; header_font=&#8221;|700|||||||&#8221; header_text_align=&#8221;center&#8221; header_text_color=&#8221;#ffffff&#8221; header_font_size=&#8221;38px&#8221; custom_margin=&#8221;||13px|||&#8221; animation=&#8221;off&#8221;][\/et_pb_blurb][et_pb_text _builder_version=&#8221;3.27.4&#8243; text_font=&#8221;||||||||&#8221; text_text_color=&#8221;#ffffff&#8221; text_orientation=&#8221;center&#8221; text_text_align=&#8221;center&#8221;]Adem\u00e1s, os abrimos las puertas de nuestro molino para que pod\u00e1is conocer el proceso de elaboraci\u00f3n del aceite, hacer una cata de aceites en nuestra oleoteca o adquirir nuestra gama de aceites de oliva de cosecha propia, aceites vegetales 100%, condimentos gourmet con aceite virgen extra y productos artesanos como jabones, olivada o pat\u00e9.[\/et_pb_text][et_pb_button button_url=&#8221;https:\/\/rusticasfaiges.com\/experiencias\/&#8221; button_text=&#8221;Vis\u00edtanos&#8221; button_alignment=&#8221;center&#8221; _builder_version=&#8221;3.23.3&#8243; custom_button=&#8221;on&#8221; button_bg_color=&#8221;#ffffff&#8221; button_border_color=&#8221;#ffffff&#8221; button_font=&#8221;|700|||||||&#8221; button_use_icon=&#8221;off&#8221; button_text_color__hover_enabled=&#8221;on&#8221; button_text_color__hover=&#8221;#ffffff&#8221; button_bg_color__hover_enabled=&#8221;on&#8221; button_bg_color__hover=&#8221;#0e5c2b&#8221;][\/et_pb_button][\/et_pb_column][\/et_pb_row][\/et_pb_section]<\/p>\n","protected":false},"excerpt":{"rendered":"<p>El mol\u00ed La passi\u00f3 per la terra i les oliveres ens ha portat a apostar per la creaci\u00f3 d&#8217;un mol\u00ed d&#8217;oli \u00fanic a les Terres de l&#8217;Ebre, totalment informatitzat i orientat a donar un tractament de m\u00e0xima cura a les nostres olives perqu\u00e8 donin un oli d&#8217;oliva exquisit i de qualitat pr\u00e8mium. Inaugurat el 23 [&hellip;]<\/p>\n","protected":false},"author":1,"featured_media":0,"parent":0,"menu_order":0,"comment_status":"closed","ping_status":"closed","template":"","meta":{"_et_pb_use_builder":"on","_et_pb_old_content":"","_et_gb_content_width":"","footnotes":""},"class_list":["post-10361","page","type-page","status-publish","hentry"],"yoast_head":"<!-- This site is optimized with the Yoast SEO plugin v27.4 - https:\/\/yoast.com\/product\/yoast-seo-wordpress\/ -->\n<title>El molino | Nuestras instalaciones | R\u00fasticas Faiges<\/title>\n<meta name=\"description\" content=\"Nuestras instalaciones disponen de un molino informatizado orientado a dar un tratamiento adecuado a las aceitunas para dar un aceite de oliva de calidad\" \/>\n<meta name=\"robots\" content=\"index, follow, max-snippet:-1, max-image-preview:large, max-video-preview:-1\" \/>\n<link rel=\"canonical\" href=\"https:\/\/rusticasfaiges.com\/ca\/el-molino\/\" \/>\n<meta property=\"og:locale\" content=\"ca_ES\" \/>\n<meta property=\"og:type\" content=\"article\" \/>\n<meta property=\"og:title\" content=\"El molino | Nuestras instalaciones | R\u00fasticas Faiges\" \/>\n<meta property=\"og:description\" content=\"Nuestras instalaciones disponen de un molino informatizado orientado a dar un tratamiento adecuado a las aceitunas para dar un aceite de oliva de calidad\" \/>\n<meta property=\"og:url\" content=\"https:\/\/rusticasfaiges.com\/ca\/el-molino\/\" \/>\n<meta property=\"og:site_name\" content=\"R\u00fasticas Faiges\" \/>\n<meta property=\"article:modified_time\" content=\"2020-08-27T09:15:51+00:00\" \/>\n<meta name=\"twitter:card\" content=\"summary_large_image\" \/>\n<meta name=\"twitter:label1\" content=\"Temps estimat de lectura\" \/>\n\t<meta name=\"twitter:data1\" content=\"7 minuts\" \/>\n<script type=\"application\/ld+json\" class=\"yoast-schema-graph\">{\"@context\":\"https:\\\/\\\/schema.org\",\"@graph\":[{\"@type\":\"WebPage\",\"@id\":\"https:\\\/\\\/rusticasfaiges.com\\\/ca\\\/el-molino\\\/\",\"url\":\"https:\\\/\\\/rusticasfaiges.com\\\/ca\\\/el-molino\\\/\",\"name\":\"El molino | Nuestras instalaciones | R\u00fasticas Faiges\",\"isPartOf\":{\"@id\":\"https:\\\/\\\/rusticasfaiges.com\\\/#website\"},\"datePublished\":\"2019-05-31T20:17:53+00:00\",\"dateModified\":\"2020-08-27T09:15:51+00:00\",\"description\":\"Nuestras instalaciones disponen de un molino informatizado orientado a dar un tratamiento adecuado a las aceitunas para dar un aceite de oliva de calidad\",\"breadcrumb\":{\"@id\":\"https:\\\/\\\/rusticasfaiges.com\\\/ca\\\/el-molino\\\/#breadcrumb\"},\"inLanguage\":\"ca\",\"potentialAction\":[{\"@type\":\"ReadAction\",\"target\":[\"https:\\\/\\\/rusticasfaiges.com\\\/ca\\\/el-molino\\\/\"]}]},{\"@type\":\"BreadcrumbList\",\"@id\":\"https:\\\/\\\/rusticasfaiges.com\\\/ca\\\/el-molino\\\/#breadcrumb\",\"itemListElement\":[{\"@type\":\"ListItem\",\"position\":1,\"name\":\"Portada\",\"item\":\"https:\\\/\\\/rusticasfaiges.com\\\/ca\\\/\"},{\"@type\":\"ListItem\",\"position\":2,\"name\":\"El mol\u00ed\"}]},{\"@type\":\"WebSite\",\"@id\":\"https:\\\/\\\/rusticasfaiges.com\\\/#website\",\"url\":\"https:\\\/\\\/rusticasfaiges.com\\\/\",\"name\":\"R\u00fasticas Faiges\",\"description\":\"\",\"potentialAction\":[{\"@type\":\"SearchAction\",\"target\":{\"@type\":\"EntryPoint\",\"urlTemplate\":\"https:\\\/\\\/rusticasfaiges.com\\\/?s={search_term_string}\"},\"query-input\":{\"@type\":\"PropertyValueSpecification\",\"valueRequired\":true,\"valueName\":\"search_term_string\"}}],\"inLanguage\":\"ca\"}]}<\/script>\n<!-- \/ Yoast SEO plugin. -->","yoast_head_json":{"title":"El molino | Nuestras instalaciones | R\u00fasticas Faiges","description":"Nuestras instalaciones disponen de un molino informatizado orientado a dar un tratamiento adecuado a las aceitunas para dar un aceite de oliva de calidad","robots":{"index":"index","follow":"follow","max-snippet":"max-snippet:-1","max-image-preview":"max-image-preview:large","max-video-preview":"max-video-preview:-1"},"canonical":"https:\/\/rusticasfaiges.com\/ca\/el-molino\/","og_locale":"ca_ES","og_type":"article","og_title":"El molino | Nuestras instalaciones | R\u00fasticas Faiges","og_description":"Nuestras instalaciones disponen de un molino informatizado orientado a dar un tratamiento adecuado a las aceitunas para dar un aceite de oliva de calidad","og_url":"https:\/\/rusticasfaiges.com\/ca\/el-molino\/","og_site_name":"R\u00fasticas Faiges","article_modified_time":"2020-08-27T09:15:51+00:00","twitter_card":"summary_large_image","twitter_misc":{"Temps estimat de lectura":"7 minuts"},"schema":{"@context":"https:\/\/schema.org","@graph":[{"@type":"WebPage","@id":"https:\/\/rusticasfaiges.com\/ca\/el-molino\/","url":"https:\/\/rusticasfaiges.com\/ca\/el-molino\/","name":"El molino | Nuestras instalaciones | R\u00fasticas Faiges","isPartOf":{"@id":"https:\/\/rusticasfaiges.com\/#website"},"datePublished":"2019-05-31T20:17:53+00:00","dateModified":"2020-08-27T09:15:51+00:00","description":"Nuestras instalaciones disponen de un molino informatizado orientado a dar un tratamiento adecuado a las aceitunas para dar un aceite de oliva de calidad","breadcrumb":{"@id":"https:\/\/rusticasfaiges.com\/ca\/el-molino\/#breadcrumb"},"inLanguage":"ca","potentialAction":[{"@type":"ReadAction","target":["https:\/\/rusticasfaiges.com\/ca\/el-molino\/"]}]},{"@type":"BreadcrumbList","@id":"https:\/\/rusticasfaiges.com\/ca\/el-molino\/#breadcrumb","itemListElement":[{"@type":"ListItem","position":1,"name":"Portada","item":"https:\/\/rusticasfaiges.com\/ca\/"},{"@type":"ListItem","position":2,"name":"El mol\u00ed"}]},{"@type":"WebSite","@id":"https:\/\/rusticasfaiges.com\/#website","url":"https:\/\/rusticasfaiges.com\/","name":"R\u00fasticas Faiges","description":"","potentialAction":[{"@type":"SearchAction","target":{"@type":"EntryPoint","urlTemplate":"https:\/\/rusticasfaiges.com\/?s={search_term_string}"},"query-input":{"@type":"PropertyValueSpecification","valueRequired":true,"valueName":"search_term_string"}}],"inLanguage":"ca"}]}},"_links":{"self":[{"href":"https:\/\/rusticasfaiges.com\/ca\/wp-json\/wp\/v2\/pages\/10361","targetHints":{"allow":["GET"]}}],"collection":[{"href":"https:\/\/rusticasfaiges.com\/ca\/wp-json\/wp\/v2\/pages"}],"about":[{"href":"https:\/\/rusticasfaiges.com\/ca\/wp-json\/wp\/v2\/types\/page"}],"author":[{"embeddable":true,"href":"https:\/\/rusticasfaiges.com\/ca\/wp-json\/wp\/v2\/users\/1"}],"replies":[{"embeddable":true,"href":"https:\/\/rusticasfaiges.com\/ca\/wp-json\/wp\/v2\/comments?post=10361"}],"version-history":[{"count":6,"href":"https:\/\/rusticasfaiges.com\/ca\/wp-json\/wp\/v2\/pages\/10361\/revisions"}],"predecessor-version":[{"id":11333,"href":"https:\/\/rusticasfaiges.com\/ca\/wp-json\/wp\/v2\/pages\/10361\/revisions\/11333"}],"wp:attachment":[{"href":"https:\/\/rusticasfaiges.com\/ca\/wp-json\/wp\/v2\/media?parent=10361"}],"curies":[{"name":"wp","href":"https:\/\/api.w.org\/{rel}","templated":true}]}}