{"id":11340,"date":"2019-05-31T22:18:21","date_gmt":"2019-05-31T20:18:21","guid":{"rendered":"https:\/\/rusticasfaiges.com\/nuestro-aceite\/"},"modified":"2020-08-27T12:05:29","modified_gmt":"2020-08-27T10:05:29","slug":"nuestro-aceite","status":"publish","type":"page","link":"https:\/\/rusticasfaiges.com\/ca\/nuestro-aceite\/","title":{"rendered":"El nostre oli d&#8217;oliva"},"content":{"rendered":"<p>[et_pb_section fb_built=&#8221;1&#8243; _builder_version=&#8221;3.23.3&#8243; custom_padding=&#8221;28px||28px&#8221;][et_pb_row _builder_version=&#8221;3.25&#8243;][et_pb_column type=&#8221;4_4&#8243; _builder_version=&#8221;3.25&#8243; custom_padding=&#8221;|||&#8221; custom_padding__hover=&#8221;|||&#8221;][et_pb_text _builder_version=&#8221;3.27.4&#8243; header_font=&#8221;|700|||||||&#8221; header_text_align=&#8221;center&#8221; header_font_size=&#8221;48px&#8221; custom_margin=&#8221;||18px|||&#8221;]<\/p>\n<h1><span lang=\"CA\">El nostre oli d&#8217;oliva<\/span><\/h1>\n<p>[\/et_pb_text][et_pb_text _builder_version=&#8221;3.27.4&#8243; text_font=&#8221;||||||||&#8221; text_orientation=&#8221;center&#8221; max_width=&#8221;920px&#8221; module_alignment=&#8221;center&#8221; text_text_align=&#8221;center&#8221;]<\/p>\n<p><span>El nostre oli d&#8217;oliva \u00e9s el resultat d&#8217;un acurat proc\u00e9s de producci\u00f3 que uneix tradici\u00f3 i innovaci\u00f3 per crear una gran varietat d&#8217;olis equilibrats i saborosos: olis d&#8217;oliva verge extra, olis de primera premsada sense filtrar, olis aromatitzats, condiments de qualitat gurmet per la cuina del dia a dia o per elaborar els plats m\u00e9s exquisits.<\/span><\/p>\n<p>[\/et_pb_text][\/et_pb_column][\/et_pb_row][\/et_pb_section][et_pb_section fb_built=&#8221;1&#8243; custom_padding_last_edited=&#8221;on|phone&#8221; _builder_version=&#8221;3.23.3&#8243; background_image=&#8221;https:\/\/rusticasfaiges.com\/wp-content\/uploads\/2019\/06\/Group-2.png&#8221; custom_padding=&#8221;91px||91px&#8221; custom_padding_tablet=&#8221;&#8221; custom_padding_phone=&#8221;||25px&#8221;][et_pb_row _builder_version=&#8221;3.25&#8243;][et_pb_column type=&#8221;4_4&#8243; _builder_version=&#8221;3.25&#8243; custom_padding=&#8221;|||&#8221; custom_padding__hover=&#8221;|||&#8221;][et_pb_text _builder_version=&#8221;3.27.4&#8243; text_font=&#8221;||||||||&#8221; header_font=&#8221;||||||||&#8221; header_2_font=&#8221;|700|||||||&#8221; header_2_font_size=&#8221;38px&#8221; text_orientation=&#8221;center&#8221; max_width=&#8221;480px&#8221; module_alignment=&#8221;center&#8221; text_text_align=&#8221;center&#8221;]<\/p>\n<h2><span lang=\"CA\">Les nostres marques<\/span><\/h2>\n<p><span>A m\u00e9s de marques pr\u00f2pies com Faiges i Tortosa, tamb\u00e9 comptem amb actius centenaris, com Abaco (des de 1840), Bau (des de 1842) o Autran (des de 1860).<\/span><\/p>\n<p>[\/et_pb_text][\/et_pb_column][\/et_pb_row][\/et_pb_section][et_pb_section fb_built=&#8221;1&#8243; module_class=&#8221;nostre-oli-tienda&#8221; _builder_version=&#8221;3.23.3&#8243; custom_padding=&#8221;0px||0px&#8221;][et_pb_row column_structure=&#8221;1_2,1_2&#8243; _builder_version=&#8221;3.25&#8243; custom_padding=&#8221;19px||19px&#8221;][et_pb_column type=&#8221;1_2&#8243; module_class=&#8221;nostre-oli-tienda-texte&#8221; _builder_version=&#8221;3.25&#8243; custom_padding=&#8221;130px|||&#8221; custom_padding_tablet=&#8221;55px||&#8221; custom_padding_phone=&#8221;&#8221; custom_padding_last_edited=&#8221;on|tablet&#8221; custom_padding__hover=&#8221;|||&#8221;][et_pb_text _builder_version=&#8221;3.27.4&#8243; custom_margin=&#8221;||64px|||&#8221;]<\/p>\n<p><span>Envasats amb les nostres marques podeu trobar des d&#8217;olis d&#8217;oliva suaus a intensos, olis d&#8217;oliva verge extraecol\u00f2gics, reserva de la biosfera o gran selecci\u00f3 fins olis aromatitzats amb ess\u00e8ncies de fum, all i farigola, t\u00f2fona o vainilla, un cupatge del prestigi\u00f3s xef Fran L\u00f3pez, guardonat amb 2 estrelles Michelin.<\/span><\/p>\n<p>[\/et_pb_text][et_pb_button button_url=&#8221;https:\/\/rusticasfaiges.com\/tienda\/&#8221; button_text=&#8221;Visita la botiga de l&#8217;oli&#8221; module_class=&#8221;nostre-oli-tienda-boto&#8221; _builder_version=&#8221;4.5.1&#8243; custom_button=&#8221;on&#8221; button_text_size=&#8221;24px&#8221; button_text_color=&#8221;#F6F6F6&#8243; button_font=&#8221;|700||on|||||&#8221; button_use_icon=&#8221;off&#8221; hover_enabled=&#8221;0&#8243; button_text_size_tablet=&#8221;&#8221; button_text_size_phone=&#8221;16px&#8221; button_text_size_last_edited=&#8221;on|phone&#8221; button_text_color__hover_enabled=&#8221;on&#8221; button_text_color__hover=&#8221;#0e5c2b&#8221;][\/et_pb_button][\/et_pb_column][et_pb_column type=&#8221;1_2&#8243; _builder_version=&#8221;3.25&#8243; custom_padding=&#8221;|||&#8221; custom_padding__hover=&#8221;|||&#8221;][et_pb_image src=&#8221;https:\/\/rusticasfaiges.com\/wp-content\/uploads\/2020\/06\/nuestros_Aceites.jpg&#8221; align=&#8221;center&#8221; _builder_version=&#8221;3.29.3&#8243;][\/et_pb_image][\/et_pb_column][\/et_pb_row][\/et_pb_section][et_pb_section fb_built=&#8221;1&#8243; module_class=&#8221;nostre-oli-varietats&#8221; _builder_version=&#8221;3.24&#8243; background_image=&#8221;https:\/\/rusticasfaiges.com\/wp-content\/uploads\/2019\/06\/AdobeStock_116594871-copia.png&#8221; custom_padding=&#8221;38px||38px&#8221;][et_pb_row _builder_version=&#8221;3.25&#8243;][et_pb_column type=&#8221;4_4&#8243; _builder_version=&#8221;3.25&#8243; custom_padding=&#8221;|||&#8221; custom_padding__hover=&#8221;|||&#8221;][et_pb_text _builder_version=&#8221;3.24&#8243; text_font=&#8221;||||||||&#8221; text_text_color=&#8221;#ffffff&#8221; header_font=&#8221;||||||||&#8221; header_2_font=&#8221;|700|||||||&#8221; header_2_text_color=&#8221;#ffffff&#8221; header_2_font_size=&#8221;38px&#8221; max_width=&#8221;650px&#8221; max_width_tablet=&#8221;500px&#8221; max_width_phone=&#8221;&#8221; max_width_last_edited=&#8221;on|tablet&#8221; text_text_align=&#8221;left&#8221;]<\/p>\n<h2><span lang=\"CA\">Varietats d&#8217;oliva<\/span><\/h2>\n<p>Les principals varietats d&#8217;oliva que proveeixen el nostre mol\u00ed situat a Roquetes per produir olis d&#8217;oliva verge i verge extra de m\u00e0xima qualitat s\u00f3n l&#8217;arbequina i les varietats aut\u00f2ctones farga, morruda i sevillenca.<\/p>\n<p>Les olives es recullen directament de l&#8217;arbre per preservar les seves caracter\u00edstiques i evitar el seu deteriorament durant la recol\u00b7lecci\u00f3.<\/p>\n<p>[\/et_pb_text][\/et_pb_column][\/et_pb_row][\/et_pb_section][et_pb_section fb_built=&#8221;1&#8243; custom_padding_last_edited=&#8221;on|tablet&#8221; module_class=&#8221;nostre-oli-oliveres&#8221; _builder_version=&#8221;3.25.4&#8243; custom_padding=&#8221;||12px|||&#8221; custom_padding_tablet=&#8221;||0px&#8221; custom_padding_phone=&#8221;&#8221;][et_pb_row use_custom_gutter=&#8221;on&#8221; gutter_width=&#8221;2&#8243; _builder_version=&#8221;3.25.4&#8243;][et_pb_column type=&#8221;4_4&#8243; _builder_version=&#8221;3.25.4&#8243; custom_padding=&#8221;|||&#8221; custom_padding__hover=&#8221;|||&#8221;][et_pb_text _builder_version=&#8221;3.27.4&#8243; text_font=&#8221;||||||||&#8221; header_font=&#8221;||||||||&#8221; header_2_font=&#8221;|700|||||||&#8221; header_2_font_size=&#8221;38px&#8221; text_orientation=&#8221;center&#8221; custom_margin=&#8221;||57px|||&#8221; text_text_align=&#8221;center&#8221;]<\/p>\n<h2><span lang=\"CA\">Les nostres oliveres<\/span><\/h2>\n<p><span>En els nostres camps d&#8217;oliveres situats a les Terres de l&#8217;Ebre, entre Mas de Barberans, Roquetes i Tortosa, es produeixen principalment olives arbequines, fargues, morrudes i sevillenques distribu\u00efdes en finques de cultiu tradicional i intensiu.<\/span><\/p>\n<p>A la finca de <strong>Mas de Barberans<\/strong> es conreen 10 hect\u00e0rees d&#8217;oliveres d&#8217;arbequina i 5 hect\u00e0rees d&#8217;oliveres de varietats farga, morruda i sevillenca de cultiu tradicional. A la finca<strong> Parellades de Roquetes<\/strong>, uns 90.000 arbres d&#8217;arbequina amb cultiu intensiu, i a la finca <strong>Mianes de Tortosa<\/strong>, uns 20.000 arbres d&#8217;arbequina i uns 16.000 d&#8217;arbo\u00e7ana.<\/p>\n<p>[\/et_pb_text][et_pb_gallery gallery_ids=&#8221;850,848,846,844,842,840,838,836,1304,834,832,830,828,818,826,824,822,820,816,1294,1296,1298,1300,1302&#8243; posts_number=&#8221;30&#8243; show_title_and_caption=&#8221;off&#8221; show_pagination=&#8221;off&#8221; disabled_on=&#8221;on|on|on&#8221; module_class=&#8221;oliveres-galeria&#8221; _builder_version=&#8221;3.25.4&#8243; pagination_font=&#8221;||||||||&#8221; disabled=&#8221;on&#8221;][\/et_pb_gallery][\/et_pb_column][\/et_pb_row][et_pb_row use_custom_gutter=&#8221;on&#8221; gutter_width=&#8221;2&#8243; _builder_version=&#8221;3.25.4&#8243; custom_padding=&#8221;0px|||||&#8221;][et_pb_column type=&#8221;4_4&#8243; _builder_version=&#8221;3.25.4&#8243;][et_pb_text _builder_version=&#8221;3.27.4&#8243; header_font=&#8221;||||||||&#8221; header_3_font=&#8221;|700|||||||&#8221; header_3_font_size=&#8221;30px&#8221; custom_margin=&#8221;||10px||false|false&#8221;]<\/p>\n<h3>Finca Mas de Barberans<\/h3>\n<p>[\/et_pb_text][et_pb_gallery gallery_ids=&#8221;834,1296,1294&#8243; posts_number=&#8221;30&#8243; show_title_and_caption=&#8221;off&#8221; show_pagination=&#8221;off&#8221; disabled_on=&#8221;off|off|off&#8221; module_class=&#8221;oliveres-galeria&#8221; _builder_version=&#8221;3.25.4&#8243; pagination_font=&#8221;||||||||&#8221;][\/et_pb_gallery][\/et_pb_column][\/et_pb_row][et_pb_row use_custom_gutter=&#8221;on&#8221; gutter_width=&#8221;2&#8243; _builder_version=&#8221;3.25.4&#8243; custom_padding=&#8221;35px|||||&#8221;][et_pb_column type=&#8221;4_4&#8243; _builder_version=&#8221;3.25.4&#8243;][et_pb_text _builder_version=&#8221;3.27.4&#8243; header_font=&#8221;||||||||&#8221; header_3_font=&#8221;|700|||||||&#8221; header_3_font_size=&#8221;30px&#8221; custom_margin=&#8221;||10px||false|false&#8221;]<\/p>\n<h3>Finca Parellades<\/h3>\n<p>[\/et_pb_text][et_pb_gallery gallery_ids=&#8221;816,1302,1304&#8243; posts_number=&#8221;30&#8243; show_title_and_caption=&#8221;off&#8221; show_pagination=&#8221;off&#8221; disabled_on=&#8221;off|off|off&#8221; module_class=&#8221;oliveres-galeria&#8221; _builder_version=&#8221;3.25.4&#8243; pagination_font=&#8221;||||||||&#8221;][\/et_pb_gallery][\/et_pb_column][\/et_pb_row][et_pb_row use_custom_gutter=&#8221;on&#8221; gutter_width=&#8221;2&#8243; _builder_version=&#8221;3.25.4&#8243; custom_padding=&#8221;35px|||||&#8221;][et_pb_column type=&#8221;4_4&#8243; _builder_version=&#8221;3.25.4&#8243;][et_pb_text _builder_version=&#8221;3.27.4&#8243; header_font=&#8221;||||||||&#8221; header_3_font=&#8221;|700|||||||&#8221; header_3_font_size=&#8221;30px&#8221; custom_margin=&#8221;||10px||false|false&#8221;]<\/p>\n<h3>Finca Mianes<\/h3>\n<p>[\/et_pb_text][et_pb_gallery gallery_ids=&#8221;1300,1298,844&#8243; posts_number=&#8221;30&#8243; show_title_and_caption=&#8221;off&#8221; show_pagination=&#8221;off&#8221; disabled_on=&#8221;off|off|off&#8221; module_class=&#8221;oliveres-galeria&#8221; _builder_version=&#8221;3.25.4&#8243; pagination_font=&#8221;||||||||&#8221;][\/et_pb_gallery][\/et_pb_column][\/et_pb_row][\/et_pb_section][et_pb_section fb_built=&#8221;1&#8243; _builder_version=&#8221;3.24&#8243; custom_padding=&#8221;28px||18px&#8221;][et_pb_row custom_padding_last_edited=&#8221;on|tablet&#8221; _builder_version=&#8221;3.25&#8243; custom_padding_tablet=&#8221;0px|||&#8221; custom_padding_phone=&#8221;&#8221;][et_pb_column type=&#8221;4_4&#8243; _builder_version=&#8221;3.25&#8243; custom_padding=&#8221;|||&#8221; custom_padding__hover=&#8221;|||&#8221;][et_pb_text _builder_version=&#8221;3.27.4&#8243; header_font=&#8221;||||||||&#8221; header_2_font=&#8221;|700|||||||&#8221; header_2_text_align=&#8221;center&#8221; header_2_font_size=&#8221;38px&#8221; custom_margin=&#8221;||7px|||&#8221;]<\/p>\n<h2>Premis<\/h2>\n<p>[\/et_pb_text][et_pb_text _builder_version=&#8221;3.27.4&#8243; text_font=&#8221;||||||||&#8221; text_orientation=&#8221;center&#8221; max_width=&#8221;850px&#8221; module_alignment=&#8221;center&#8221; text_text_align=&#8221;center&#8221;]<\/p>\n<p><span>Al llarg de la nostra hist\u00f2ria els olis de Faiges han estat reconeguts en nombroses ocasions, ja sigui en cert\u00e0mens nacionals, internacionals i locals: per la nostra traject\u00f2ria, pels objectius assolits, per la qualitat dels nostres productes o per la innovaci\u00f3 que representen.<\/span><\/p>\n<p>[\/et_pb_text][\/et_pb_column][\/et_pb_row][et_pb_row column_structure=&#8221;1_4,1_4,1_4,1_4&#8243; _builder_version=&#8221;3.25&#8243; custom_padding=&#8221;22px|||||&#8221;][et_pb_column type=&#8221;1_4&#8243; _builder_version=&#8221;3.25&#8243; custom_padding=&#8221;|||&#8221; custom_padding__hover=&#8221;|||&#8221;][et_pb_blurb title=&#8221;Millor oli d&#8217;oliva verge extra sense DOP i marques fora de DOP (2017)&#8221; image=&#8221;https:\/\/rusticasfaiges.com\/wp-content\/uploads\/2019\/06\/icono-medall.png&#8221; _builder_version=&#8221;3.24&#8243; header_font=&#8221;|700|||||||&#8221; header_text_align=&#8221;center&#8221; animation=&#8221;off&#8221;][\/et_pb_blurb][\/et_pb_column][et_pb_column type=&#8221;1_4&#8243; _builder_version=&#8221;3.25&#8243; custom_padding=&#8221;|||&#8221; custom_padding__hover=&#8221;|||&#8221;][et_pb_blurb title=&#8221;Millor oli de les Terres de l&#8217;Ebre (2017)&#8221; image=&#8221;https:\/\/rusticasfaiges.com\/wp-content\/uploads\/2019\/06\/icono-medall.png&#8221; _builder_version=&#8221;3.24&#8243; header_font=&#8221;|700|||||||&#8221; header_text_align=&#8221;center&#8221; animation=&#8221;off&#8221;][\/et_pb_blurb][\/et_pb_column][et_pb_column type=&#8221;1_4&#8243; _builder_version=&#8221;3.25&#8243; custom_padding=&#8221;|||&#8221; custom_padding__hover=&#8221;|||&#8221;][et_pb_blurb title=&#8221;OliveJapan, Gold Medal Award (2017)&#8221; image=&#8221;https:\/\/rusticasfaiges.com\/wp-content\/uploads\/2019\/06\/icono-medall.png&#8221; _builder_version=&#8221;3.24&#8243; header_font=&#8221;|700|||||||&#8221; header_text_align=&#8221;center&#8221; animation=&#8221;off&#8221;][\/et_pb_blurb][\/et_pb_column][et_pb_column type=&#8221;1_4&#8243; _builder_version=&#8221;3.25&#8243; custom_padding=&#8221;|||&#8221; custom_padding__hover=&#8221;|||&#8221;][et_pb_blurb title=&#8221;Premi Liderpack categoria Save Food (2018)&#8221; image=&#8221;https:\/\/rusticasfaiges.com\/wp-content\/uploads\/2019\/06\/icono-medall.png&#8221; _builder_version=&#8221;3.24&#8243; header_font=&#8221;|700|||||||&#8221; header_text_align=&#8221;center&#8221; animation=&#8221;off&#8221;][\/et_pb_blurb][\/et_pb_column][\/et_pb_row][\/et_pb_section]<\/p>\n","protected":false},"excerpt":{"rendered":"<p>El nostre oli d&#8217;olivaEl nostre oli d&#8217;oliva \u00e9s el resultat d&#8217;un acurat proc\u00e9s de producci\u00f3 que uneix tradici\u00f3 i innovaci\u00f3 per crear una gran varietat d&#8217;olis equilibrats i saborosos: olis d&#8217;oliva verge extra, olis de primera premsada sense filtrar, olis aromatitzats, condiments de qualitat gurmet per la cuina del dia a dia o per elaborar [&hellip;]<\/p>\n","protected":false},"author":1,"featured_media":0,"parent":0,"menu_order":0,"comment_status":"closed","ping_status":"closed","template":"","meta":{"_et_pb_use_builder":"on","_et_pb_old_content":"","_et_gb_content_width":"","footnotes":""},"class_list":["post-11340","page","type-page","status-publish","hentry"],"yoast_head":"<!-- This site is optimized with the Yoast SEO plugin v27.4 - https:\/\/yoast.com\/product\/yoast-seo-wordpress\/ -->\n<title>Nuestra variedad de aceites de oliva | R\u00fasticas Faiges<\/title>\n<meta name=\"description\" content=\"Nuestra variedad de aceites de oliva s\u00f3n el resultado de un cuidadoso proceso de producci\u00f3n para crear una gran variedad de aceites equilibrados y sabrosos\" \/>\n<meta name=\"robots\" content=\"index, follow, max-snippet:-1, max-image-preview:large, max-video-preview:-1\" \/>\n<link rel=\"canonical\" href=\"https:\/\/rusticasfaiges.com\/ca\/nuestro-aceite\/\" \/>\n<meta property=\"og:locale\" content=\"ca_ES\" \/>\n<meta property=\"og:type\" content=\"article\" \/>\n<meta property=\"og:title\" content=\"Nuestra variedad de aceites de oliva | R\u00fasticas Faiges\" \/>\n<meta property=\"og:description\" content=\"Nuestra variedad de aceites de oliva s\u00f3n el resultado de un cuidadoso proceso de producci\u00f3n para crear una gran variedad de aceites equilibrados y sabrosos\" \/>\n<meta property=\"og:url\" content=\"https:\/\/rusticasfaiges.com\/ca\/nuestro-aceite\/\" \/>\n<meta property=\"og:site_name\" content=\"R\u00fasticas Faiges\" \/>\n<meta property=\"article:modified_time\" content=\"2020-08-27T10:05:29+00:00\" \/>\n<meta name=\"twitter:card\" content=\"summary_large_image\" \/>\n<meta name=\"twitter:label1\" content=\"Temps estimat de lectura\" \/>\n\t<meta name=\"twitter:data1\" content=\"7 minuts\" \/>\n<script type=\"application\/ld+json\" class=\"yoast-schema-graph\">{\"@context\":\"https:\\\/\\\/schema.org\",\"@graph\":[{\"@type\":\"WebPage\",\"@id\":\"https:\\\/\\\/rusticasfaiges.com\\\/ca\\\/nuestro-aceite\\\/\",\"url\":\"https:\\\/\\\/rusticasfaiges.com\\\/ca\\\/nuestro-aceite\\\/\",\"name\":\"Nuestra variedad de aceites de oliva | R\u00fasticas Faiges\",\"isPartOf\":{\"@id\":\"https:\\\/\\\/rusticasfaiges.com\\\/#website\"},\"datePublished\":\"2019-05-31T20:18:21+00:00\",\"dateModified\":\"2020-08-27T10:05:29+00:00\",\"description\":\"Nuestra variedad de aceites de oliva s\u00f3n el resultado de un cuidadoso proceso de producci\u00f3n para crear una gran variedad de aceites equilibrados y sabrosos\",\"breadcrumb\":{\"@id\":\"https:\\\/\\\/rusticasfaiges.com\\\/ca\\\/nuestro-aceite\\\/#breadcrumb\"},\"inLanguage\":\"ca\",\"potentialAction\":[{\"@type\":\"ReadAction\",\"target\":[\"https:\\\/\\\/rusticasfaiges.com\\\/ca\\\/nuestro-aceite\\\/\"]}]},{\"@type\":\"BreadcrumbList\",\"@id\":\"https:\\\/\\\/rusticasfaiges.com\\\/ca\\\/nuestro-aceite\\\/#breadcrumb\",\"itemListElement\":[{\"@type\":\"ListItem\",\"position\":1,\"name\":\"Portada\",\"item\":\"https:\\\/\\\/rusticasfaiges.com\\\/ca\\\/\"},{\"@type\":\"ListItem\",\"position\":2,\"name\":\"El nostre oli d&#8217;oliva\"}]},{\"@type\":\"WebSite\",\"@id\":\"https:\\\/\\\/rusticasfaiges.com\\\/#website\",\"url\":\"https:\\\/\\\/rusticasfaiges.com\\\/\",\"name\":\"R\u00fasticas Faiges\",\"description\":\"\",\"potentialAction\":[{\"@type\":\"SearchAction\",\"target\":{\"@type\":\"EntryPoint\",\"urlTemplate\":\"https:\\\/\\\/rusticasfaiges.com\\\/?s={search_term_string}\"},\"query-input\":{\"@type\":\"PropertyValueSpecification\",\"valueRequired\":true,\"valueName\":\"search_term_string\"}}],\"inLanguage\":\"ca\"}]}<\/script>\n<!-- \/ Yoast SEO plugin. -->","yoast_head_json":{"title":"Nuestra variedad de aceites de oliva | R\u00fasticas Faiges","description":"Nuestra variedad de aceites de oliva s\u00f3n el resultado de un cuidadoso proceso de producci\u00f3n para crear una gran variedad de aceites equilibrados y sabrosos","robots":{"index":"index","follow":"follow","max-snippet":"max-snippet:-1","max-image-preview":"max-image-preview:large","max-video-preview":"max-video-preview:-1"},"canonical":"https:\/\/rusticasfaiges.com\/ca\/nuestro-aceite\/","og_locale":"ca_ES","og_type":"article","og_title":"Nuestra variedad de aceites de oliva | R\u00fasticas Faiges","og_description":"Nuestra variedad de aceites de oliva s\u00f3n el resultado de un cuidadoso proceso de producci\u00f3n para crear una gran variedad de aceites equilibrados y sabrosos","og_url":"https:\/\/rusticasfaiges.com\/ca\/nuestro-aceite\/","og_site_name":"R\u00fasticas Faiges","article_modified_time":"2020-08-27T10:05:29+00:00","twitter_card":"summary_large_image","twitter_misc":{"Temps estimat de lectura":"7 minuts"},"schema":{"@context":"https:\/\/schema.org","@graph":[{"@type":"WebPage","@id":"https:\/\/rusticasfaiges.com\/ca\/nuestro-aceite\/","url":"https:\/\/rusticasfaiges.com\/ca\/nuestro-aceite\/","name":"Nuestra variedad de aceites de oliva | R\u00fasticas Faiges","isPartOf":{"@id":"https:\/\/rusticasfaiges.com\/#website"},"datePublished":"2019-05-31T20:18:21+00:00","dateModified":"2020-08-27T10:05:29+00:00","description":"Nuestra variedad de aceites de oliva s\u00f3n el resultado de un cuidadoso proceso de producci\u00f3n para crear una gran variedad de aceites equilibrados y sabrosos","breadcrumb":{"@id":"https:\/\/rusticasfaiges.com\/ca\/nuestro-aceite\/#breadcrumb"},"inLanguage":"ca","potentialAction":[{"@type":"ReadAction","target":["https:\/\/rusticasfaiges.com\/ca\/nuestro-aceite\/"]}]},{"@type":"BreadcrumbList","@id":"https:\/\/rusticasfaiges.com\/ca\/nuestro-aceite\/#breadcrumb","itemListElement":[{"@type":"ListItem","position":1,"name":"Portada","item":"https:\/\/rusticasfaiges.com\/ca\/"},{"@type":"ListItem","position":2,"name":"El nostre oli d&#8217;oliva"}]},{"@type":"WebSite","@id":"https:\/\/rusticasfaiges.com\/#website","url":"https:\/\/rusticasfaiges.com\/","name":"R\u00fasticas Faiges","description":"","potentialAction":[{"@type":"SearchAction","target":{"@type":"EntryPoint","urlTemplate":"https:\/\/rusticasfaiges.com\/?s={search_term_string}"},"query-input":{"@type":"PropertyValueSpecification","valueRequired":true,"valueName":"search_term_string"}}],"inLanguage":"ca"}]}},"_links":{"self":[{"href":"https:\/\/rusticasfaiges.com\/ca\/wp-json\/wp\/v2\/pages\/11340","targetHints":{"allow":["GET"]}}],"collection":[{"href":"https:\/\/rusticasfaiges.com\/ca\/wp-json\/wp\/v2\/pages"}],"about":[{"href":"https:\/\/rusticasfaiges.com\/ca\/wp-json\/wp\/v2\/types\/page"}],"author":[{"embeddable":true,"href":"https:\/\/rusticasfaiges.com\/ca\/wp-json\/wp\/v2\/users\/1"}],"replies":[{"embeddable":true,"href":"https:\/\/rusticasfaiges.com\/ca\/wp-json\/wp\/v2\/comments?post=11340"}],"version-history":[{"count":5,"href":"https:\/\/rusticasfaiges.com\/ca\/wp-json\/wp\/v2\/pages\/11340\/revisions"}],"predecessor-version":[{"id":11347,"href":"https:\/\/rusticasfaiges.com\/ca\/wp-json\/wp\/v2\/pages\/11340\/revisions\/11347"}],"wp:attachment":[{"href":"https:\/\/rusticasfaiges.com\/ca\/wp-json\/wp\/v2\/media?parent=11340"}],"curies":[{"name":"wp","href":"https:\/\/api.w.org\/{rel}","templated":true}]}}