{"id":11361,"date":"2019-05-31T22:19:42","date_gmt":"2019-05-31T20:19:42","guid":{"rendered":"https:\/\/rusticasfaiges.com\/contacto\/"},"modified":"2020-09-08T13:16:29","modified_gmt":"2020-09-08T11:16:29","slug":"contacto","status":"publish","type":"page","link":"https:\/\/rusticasfaiges.com\/ca\/contacto\/","title":{"rendered":"Contacte"},"content":{"rendered":"<p>[et_pb_section fb_built=&#8221;1&#8243; fullwidth=&#8221;on&#8221; _builder_version=&#8221;3.24&#8243; fb_built=&#8221;1&#8243; _i=&#8221;0&#8243; _address=&#8221;0&#8243;][et_pb_fullwidth_code _builder_version=&#8221;3.24&#8243; _i=&#8221;0&#8243; _address=&#8221;0.0&#8243;]<iframe loading=\"lazy\" src=\"https:\/\/www.google.com\/maps\/embed?pb=!1m14!1m8!1m3!1d12077.766267474002!2d0.5168779!3d40.8182637!3m2!1i1024!2i768!4f13.1!3m3!1m2!1s0x0%3A0x13070cebefd6f3f7!2sFaiges+Tortosa!5e0!3m2!1ses!2ses!4v1560151463805!5m2!1ses!2ses\" width=\"100%\" height=\"400\" frameborder=\"0\" style=\"border:0\" allowfullscreen><\/iframe>[\/et_pb_fullwidth_code][\/et_pb_section][et_pb_section fb_built=&#8221;1&#8243; _builder_version=&#8221;3.24&#8243; custom_padding=&#8221;5px||&#8221; fb_built=&#8221;1&#8243; _i=&#8221;1&#8243; _address=&#8221;1&#8243;][et_pb_row column_structure=&#8221;3_5,2_5&#8243; custom_padding_last_edited=&#8221;on|desktop&#8221; _builder_version=&#8221;3.25&#8243; _i=&#8221;0&#8243; _address=&#8221;1.0&#8243;][et_pb_column type=&#8221;3_5&#8243; _builder_version=&#8221;3.25&#8243; custom_padding=&#8221;|||&#8221; _i=&#8221;0&#8243; _address=&#8221;1.0.0&#8243; custom_padding__hover=&#8221;|||&#8221;][et_pb_text _builder_version=&#8221;3.27.4&#8243; header_font=&#8221;|700|||||||&#8221; header_font_size=&#8221;48px&#8221; _i=&#8221;0&#8243; _address=&#8221;1.0.0.0&#8243;]<\/p>\n<h1>Contacte<\/h1>\n<p>Si desitgeu posar-vos en contacte amb nosaltres, fer-nos suggeriments o resoldre qualsevol dubte, podeu omplir el formulari de contacte seg\u00fcent:[\/et_pb_text][et_pb_text module_class=&#8221;contacte-formulari&#8221; _builder_version=&#8221;3.27.4&#8243; _i=&#8221;1&#8243; _address=&#8221;1.0.0.1&#8243;]\n<div class=\"wpcf7 no-js\" id=\"wpcf7-f11508-o1\" lang=\"es-ES\" dir=\"ltr\" data-wpcf7-id=\"11508\">\n<div class=\"screen-reader-response\"><p role=\"status\" aria-live=\"polite\" aria-atomic=\"true\"><\/p> <ul><\/ul><\/div>\n<form action=\"\/ca\/wp-json\/wp\/v2\/pages\/11361#wpcf7-f11508-o1\" method=\"post\" class=\"wpcf7-form init\" aria-label=\"Formulario de contacto\" novalidate=\"novalidate\" data-status=\"init\">\n<fieldset class=\"hidden-fields-container\"><input type=\"hidden\" name=\"_wpcf7\" value=\"11508\" \/><input type=\"hidden\" name=\"_wpcf7_version\" value=\"6.1.5\" \/><input type=\"hidden\" name=\"_wpcf7_locale\" value=\"es_ES\" \/><input type=\"hidden\" name=\"_wpcf7_unit_tag\" value=\"wpcf7-f11508-o1\" \/><input type=\"hidden\" name=\"_wpcf7_container_post\" value=\"0\" \/><input type=\"hidden\" name=\"_wpcf7_posted_data_hash\" value=\"\" \/><input type=\"hidden\" name=\"_wpcf7_recaptcha_response\" value=\"\" \/>\n<\/fieldset>\n<div class=\"et_pb_contact formulari-faiges\">\n\t<div class=\"et_pb_contact_form\">\n\t\t<p class=\"et_pb_contact_field et_pb_contact_field_half\"><label>Nom*<span class=\"wpcf7-form-control-wrap\" data-name=\"your-name\"><input size=\"40\" maxlength=\"400\" class=\"wpcf7-form-control wpcf7-text wpcf7-validates-as-required\" aria-required=\"true\" aria-invalid=\"false\" value=\"\" type=\"text\" name=\"your-name\" \/><\/span><\/label>\n\t\t<\/p>\n\t\t<p class=\"et_pb_contact_field et_pb_contact_field_half et_pb_contact_field_last\"><label>Tel\u00e8fon*<span class=\"wpcf7-form-control-wrap\" data-name=\"tel-650\"><input size=\"40\" maxlength=\"400\" class=\"wpcf7-form-control wpcf7-text\" aria-invalid=\"false\" value=\"\" type=\"text\" name=\"tel-650\" \/><\/span><\/label>\n\t\t<\/p>\n\t\t<p class=\"et_pb_contact_field et_pb_contact_field_last\"><label>Correu electr\u00f2nic*<span class=\"wpcf7-form-control-wrap\" data-name=\"your-email\"><input size=\"40\" maxlength=\"400\" class=\"wpcf7-form-control wpcf7-email wpcf7-validates-as-required wpcf7-text wpcf7-validates-as-email\" aria-required=\"true\" aria-invalid=\"false\" value=\"\" type=\"email\" name=\"your-email\" \/><\/span><\/label>\n\t\t<\/p>\n\t\t<p class=\"et_pb_contact_field et_pb_contact_field_last\"><label>Missatge<span class=\"wpcf7-form-control-wrap\" data-name=\"your-message\"><textarea cols=\"40\" rows=\"6\" maxlength=\"2000\" class=\"wpcf7-form-control wpcf7-textarea\" aria-invalid=\"false\" name=\"your-message\"><\/textarea><\/span><\/label>\n\t\t<\/p>\n\t<\/div>\n<\/div>\n<div class=\"et_pb_module et_pb_toggle et_pb_toggle_0 et_pb_toggle_item et_pb_toggle_close\">\n\t<h5 class=\"et_pb_toggle_title\">Llegir el consentiment per al tractament de dades personals\n\t<\/h5>\n\t<div class=\"et_pb_toggle_content clearfix\" style=\"display: none;\">\n\t\t<p>De conformitat amb el que estableix la Llei Org\u00e0nica 15\/1999, de 13 de desembre, de Protecci\u00f3 de Dades de car\u00e0cter personal, autoritzo la inclusi\u00f3 de les meves dades en un fitxer de qu\u00e8 \u00e9s titular R\u00daSTIQUES FAIGES, i que aquestes siguin utilitzades per a la finalitat de la gesti\u00f3 comercial i l'enviament de comunicacions dels nostres productes i \/ o serveis.\n\t\t<\/p>\n\t\t<p>De la mateixa manera, declaro estar informat sobre els drets d'acc\u00e9s, rectificaci\u00f3, cancel\u00b7laci\u00f3 i oposici\u00f3, aix\u00ed com de revocaci\u00f3 de consentiment pr\u00e8viament acceptat, que podr\u00e9 exercitar en el domicili de R\u00daSTIQUES FAIGES, a Carretera Observatori, 10 43520 Roquetes, o b\u00e9 enviant un missatge a l'adre\u00e7a de correu electr\u00f2nic info@faiges.com\n\t\t<\/p>\n\t<\/div>\n<\/div>\n<div class=\"politica-contacta\">\n\t<p><span class=\"wpcf7-form-control-wrap\" data-name=\"your-consent\"><span class=\"wpcf7-form-control wpcf7-acceptance\"><span class=\"wpcf7-list-item\"><label><input type=\"checkbox\" name=\"your-consent\" value=\"1\" aria-invalid=\"false\" \/><span class=\"wpcf7-list-item-label\">He llegit i accepto la <a href=\"https:\/\/rusticasfaiges.com\/ca\/politica-de-privacitat\/\" target=\"_blank\">Pol\u00edtica de privacitat<\/a>.<\/span><\/label><\/span><\/span><\/span>\n\t<\/p>\n<\/div>\n<div class=\"et_contact_bottom_container boto-formulari-faiges\">\n\t<p><input class=\"wpcf7-form-control wpcf7-submit has-spinner et_pb_contact_submit et_pb_button\" type=\"submit\" value=\"Enviar\" \/>\n\t<\/p>\n<\/div><div class=\"wpcf7-response-output\" aria-hidden=\"true\"><\/div>\n<\/form>\n<\/div>\n[\/et_pb_text][\/et_pb_column][et_pb_column type=&#8221;2_5&#8243; _builder_version=&#8221;3.25&#8243; custom_padding=&#8221;63px|||&#8221; custom_padding_tablet=&#8221;29px||&#8221; custom_padding_last_edited=&#8221;on|desktop&#8221; _i=&#8221;1&#8243; _address=&#8221;1.0.1&#8243; custom_padding__hover=&#8221;|||&#8221;][et_pb_blurb use_icon=&#8221;on&#8221; font_icon=&#8221;%%249%%&#8221; icon_placement=&#8221;left&#8221; use_icon_font_size=&#8221;on&#8221; icon_font_size=&#8221;26px&#8221; _builder_version=&#8221;3.24&#8243; animation=&#8221;off&#8221; _i=&#8221;0&#8243; _address=&#8221;1.0.1.0&#8243;]Carretera Observatori, 10<br \/>\n43520 Roquetes (Baix Ebre)[\/et_pb_blurb][et_pb_blurb use_icon=&#8221;on&#8221; font_icon=&#8221;%%264%%&#8221; icon_placement=&#8221;left&#8221; use_icon_font_size=&#8221;on&#8221; icon_font_size=&#8221;26px&#8221; _builder_version=&#8221;3.24&#8243; animation=&#8221;off&#8221; _i=&#8221;1&#8243; _address=&#8221;1.0.1.1&#8243;]977 504 348[\/et_pb_blurb][et_pb_blurb use_icon=&#8221;on&#8221; font_icon=&#8221;%%238%%&#8221; icon_placement=&#8221;left&#8221; use_icon_font_size=&#8221;on&#8221; icon_font_size=&#8221;26px&#8221; _builder_version=&#8221;3.24&#8243; animation=&#8221;off&#8221; _i=&#8221;2&#8243; _address=&#8221;1.0.1.2&#8243;]info@faiges.com[\/et_pb_blurb][\/et_pb_column][\/et_pb_row][\/et_pb_section]<\/p>\n","protected":false},"excerpt":{"rendered":"<p>Contacte Si desitgeu posar-vos en contacte amb nosaltres, fer-nos suggeriments o resoldre qualsevol dubte, podeu omplir el formulari de contacte seg\u00fcent:\n<div class=\"wpcf7 no-js\" id=\"wpcf7-f11508-o2\" lang=\"es-ES\" dir=\"ltr\" data-wpcf7-id=\"11508\">\n<div class=\"screen-reader-response\"><p role=\"status\" aria-live=\"polite\" aria-atomic=\"true\"><\/p> <ul><\/ul><\/div>\n<form action=\"\/ca\/wp-json\/wp\/v2\/pages\/11361#wpcf7-f11508-o2\" method=\"post\" class=\"wpcf7-form init\" aria-label=\"Formulario de contacto\" novalidate=\"novalidate\" data-status=\"init\">\n<fieldset class=\"hidden-fields-container\"><input type=\"hidden\" name=\"_wpcf7\" value=\"11508\" \/><input type=\"hidden\" name=\"_wpcf7_version\" value=\"6.1.5\" \/><input type=\"hidden\" name=\"_wpcf7_locale\" value=\"es_ES\" \/><input type=\"hidden\" name=\"_wpcf7_unit_tag\" value=\"wpcf7-f11508-o2\" \/><input type=\"hidden\" name=\"_wpcf7_container_post\" value=\"0\" \/><input type=\"hidden\" name=\"_wpcf7_posted_data_hash\" value=\"\" \/><input type=\"hidden\" name=\"_wpcf7_recaptcha_response\" value=\"\" \/>\n<\/fieldset>\n<div class=\"et_pb_contact formulari-faiges\">\n\t<div class=\"et_pb_contact_form\">\n\t\t<p class=\"et_pb_contact_field et_pb_contact_field_half\"><label>Nom*<span class=\"wpcf7-form-control-wrap\" data-name=\"your-name\"><input size=\"40\" maxlength=\"400\" class=\"wpcf7-form-control wpcf7-text wpcf7-validates-as-required\" aria-required=\"true\" aria-invalid=\"false\" value=\"\" type=\"text\" name=\"your-name\" \/><\/span><\/label>\n\t\t<\/p>\n\t\t<p class=\"et_pb_contact_field et_pb_contact_field_half et_pb_contact_field_last\"><label>Tel\u00e8fon*<span class=\"wpcf7-form-control-wrap\" data-name=\"tel-650\"><input size=\"40\" maxlength=\"400\" class=\"wpcf7-form-control wpcf7-text\" aria-invalid=\"false\" value=\"\" type=\"text\" name=\"tel-650\" \/><\/span><\/label>\n\t\t<\/p>\n\t\t<p class=\"et_pb_contact_field et_pb_contact_field_last\"><label>Correu electr\u00f2nic*<span class=\"wpcf7-form-control-wrap\" data-name=\"your-email\"><input size=\"40\" maxlength=\"400\" class=\"wpcf7-form-control wpcf7-email wpcf7-validates-as-required wpcf7-text wpcf7-validates-as-email\" aria-required=\"true\" aria-invalid=\"false\" value=\"\" type=\"email\" name=\"your-email\" \/><\/span><\/label>\n\t\t<\/p>\n\t\t<p class=\"et_pb_contact_field et_pb_contact_field_last\"><label>Missatge<span class=\"wpcf7-form-control-wrap\" data-name=\"your-message\"><textarea cols=\"40\" rows=\"6\" maxlength=\"2000\" class=\"wpcf7-form-control wpcf7-textarea\" aria-invalid=\"false\" name=\"your-message\"><\/textarea><\/span><\/label>\n\t\t<\/p>\n\t<\/div>\n<\/div>\n<div class=\"et_pb_module et_pb_toggle et_pb_toggle_0 et_pb_toggle_item et_pb_toggle_close\">\n\t<h5 class=\"et_pb_toggle_title\">Llegir el consentiment per al tractament de dades personals\n\t<\/h5>\n\t<div class=\"et_pb_toggle_content clearfix\" style=\"display: none;\">\n\t\t<p>De conformitat amb el que estableix la Llei Org\u00e0nica 15\/1999, de 13 de desembre, de Protecci\u00f3 de Dades de car\u00e0cter personal, autoritzo la inclusi\u00f3 de les meves dades en un fitxer de qu\u00e8 \u00e9s titular R\u00daSTIQUES FAIGES, i que aquestes siguin utilitzades per a la finalitat de la gesti\u00f3 comercial i l'enviament de comunicacions dels nostres productes i \/ o serveis.\n\t\t<\/p>\n\t\t<p>De la mateixa manera, declaro estar informat sobre els drets d'acc\u00e9s, rectificaci\u00f3, cancel\u00b7laci\u00f3 i oposici\u00f3, aix\u00ed com de revocaci\u00f3 de consentiment pr\u00e8viament acceptat, que podr\u00e9 exercitar en el domicili de R\u00daSTIQUES FAIGES, a Carretera Observatori, 10 43520 Roquetes, o b\u00e9 enviant un missatge a l'adre\u00e7a de correu electr\u00f2nic info@faiges.com\n\t\t<\/p>\n\t<\/div>\n<\/div>\n<div class=\"politica-contacta\">\n\t<p><span class=\"wpcf7-form-control-wrap\" data-name=\"your-consent\"><span class=\"wpcf7-form-control wpcf7-acceptance\"><span class=\"wpcf7-list-item\"><label><input type=\"checkbox\" name=\"your-consent\" value=\"1\" aria-invalid=\"false\" \/><span class=\"wpcf7-list-item-label\">He llegit i accepto la <a href=\"https:\/\/rusticasfaiges.com\/ca\/politica-de-privacitat\/\" target=\"_blank\">Pol\u00edtica de privacitat<\/a>.<\/span><\/label><\/span><\/span><\/span>\n\t<\/p>\n<\/div>\n<div class=\"et_contact_bottom_container boto-formulari-faiges\">\n\t<p><input class=\"wpcf7-form-control wpcf7-submit has-spinner et_pb_contact_submit et_pb_button\" type=\"submit\" value=\"Enviar\" \/>\n\t<\/p>\n<\/div><div class=\"wpcf7-response-output\" aria-hidden=\"true\"><\/div>\n<\/form>\n<\/div>\nCarretera Observatori, 10 43520 Roquetes (Baix Ebre)977 504 348info@faiges.com<\/p>\n","protected":false},"author":1,"featured_media":0,"parent":0,"menu_order":0,"comment_status":"closed","ping_status":"closed","template":"","meta":{"_et_pb_use_builder":"on","_et_pb_old_content":"","_et_gb_content_width":"","footnotes":""},"class_list":["post-11361","page","type-page","status-publish","hentry"],"yoast_head":"<!-- This site is optimized with the Yoast SEO plugin v27.4 - https:\/\/yoast.com\/product\/yoast-seo-wordpress\/ -->\n<title>Contacto | Informaci\u00f3n, sugerencias y dudas | R\u00fasticas Faiges<\/title>\n<meta name=\"description\" content=\"En nuestro apartado contacto podr\u00e1s contactar con nosotros, pedir informaci\u00f3n sobre nuestros productos y hacer sugerencias\" \/>\n<meta name=\"robots\" content=\"index, follow, max-snippet:-1, max-image-preview:large, max-video-preview:-1\" \/>\n<link rel=\"canonical\" href=\"https:\/\/rusticasfaiges.com\/ca\/contacto\/\" \/>\n<meta property=\"og:locale\" content=\"ca_ES\" \/>\n<meta property=\"og:type\" content=\"article\" \/>\n<meta property=\"og:title\" content=\"Contacto | Informaci\u00f3n, sugerencias y dudas | R\u00fasticas Faiges\" \/>\n<meta property=\"og:description\" content=\"En nuestro apartado contacto podr\u00e1s contactar con nosotros, pedir informaci\u00f3n sobre nuestros productos y hacer sugerencias\" \/>\n<meta property=\"og:url\" content=\"https:\/\/rusticasfaiges.com\/ca\/contacto\/\" \/>\n<meta property=\"og:site_name\" content=\"R\u00fasticas Faiges\" \/>\n<meta property=\"article:modified_time\" content=\"2020-09-08T11:16:29+00:00\" \/>\n<meta name=\"twitter:card\" content=\"summary_large_image\" \/>\n<meta name=\"twitter:label1\" content=\"Temps estimat de lectura\" \/>\n\t<meta name=\"twitter:data1\" content=\"1 minut\" \/>\n<script type=\"application\/ld+json\" class=\"yoast-schema-graph\">{\"@context\":\"https:\\\/\\\/schema.org\",\"@graph\":[{\"@type\":\"WebPage\",\"@id\":\"https:\\\/\\\/rusticasfaiges.com\\\/ca\\\/contacto\\\/\",\"url\":\"https:\\\/\\\/rusticasfaiges.com\\\/ca\\\/contacto\\\/\",\"name\":\"Contacto | Informaci\u00f3n, sugerencias y dudas | R\u00fasticas Faiges\",\"isPartOf\":{\"@id\":\"https:\\\/\\\/rusticasfaiges.com\\\/#website\"},\"datePublished\":\"2019-05-31T20:19:42+00:00\",\"dateModified\":\"2020-09-08T11:16:29+00:00\",\"description\":\"En nuestro apartado contacto podr\u00e1s contactar con nosotros, pedir informaci\u00f3n sobre nuestros productos y hacer sugerencias\",\"breadcrumb\":{\"@id\":\"https:\\\/\\\/rusticasfaiges.com\\\/ca\\\/contacto\\\/#breadcrumb\"},\"inLanguage\":\"ca\",\"potentialAction\":[{\"@type\":\"ReadAction\",\"target\":[\"https:\\\/\\\/rusticasfaiges.com\\\/ca\\\/contacto\\\/\"]}]},{\"@type\":\"BreadcrumbList\",\"@id\":\"https:\\\/\\\/rusticasfaiges.com\\\/ca\\\/contacto\\\/#breadcrumb\",\"itemListElement\":[{\"@type\":\"ListItem\",\"position\":1,\"name\":\"Portada\",\"item\":\"https:\\\/\\\/rusticasfaiges.com\\\/ca\\\/\"},{\"@type\":\"ListItem\",\"position\":2,\"name\":\"Contacte\"}]},{\"@type\":\"WebSite\",\"@id\":\"https:\\\/\\\/rusticasfaiges.com\\\/#website\",\"url\":\"https:\\\/\\\/rusticasfaiges.com\\\/\",\"name\":\"R\u00fasticas Faiges\",\"description\":\"\",\"potentialAction\":[{\"@type\":\"SearchAction\",\"target\":{\"@type\":\"EntryPoint\",\"urlTemplate\":\"https:\\\/\\\/rusticasfaiges.com\\\/?s={search_term_string}\"},\"query-input\":{\"@type\":\"PropertyValueSpecification\",\"valueRequired\":true,\"valueName\":\"search_term_string\"}}],\"inLanguage\":\"ca\"}]}<\/script>\n<!-- \/ Yoast SEO plugin. -->","yoast_head_json":{"title":"Contacto | Informaci\u00f3n, sugerencias y dudas | R\u00fasticas Faiges","description":"En nuestro apartado contacto podr\u00e1s contactar con nosotros, pedir informaci\u00f3n sobre nuestros productos y hacer sugerencias","robots":{"index":"index","follow":"follow","max-snippet":"max-snippet:-1","max-image-preview":"max-image-preview:large","max-video-preview":"max-video-preview:-1"},"canonical":"https:\/\/rusticasfaiges.com\/ca\/contacto\/","og_locale":"ca_ES","og_type":"article","og_title":"Contacto | Informaci\u00f3n, sugerencias y dudas | R\u00fasticas Faiges","og_description":"En nuestro apartado contacto podr\u00e1s contactar con nosotros, pedir informaci\u00f3n sobre nuestros productos y hacer sugerencias","og_url":"https:\/\/rusticasfaiges.com\/ca\/contacto\/","og_site_name":"R\u00fasticas Faiges","article_modified_time":"2020-09-08T11:16:29+00:00","twitter_card":"summary_large_image","twitter_misc":{"Temps estimat de lectura":"1 minut"},"schema":{"@context":"https:\/\/schema.org","@graph":[{"@type":"WebPage","@id":"https:\/\/rusticasfaiges.com\/ca\/contacto\/","url":"https:\/\/rusticasfaiges.com\/ca\/contacto\/","name":"Contacto | Informaci\u00f3n, sugerencias y dudas | R\u00fasticas Faiges","isPartOf":{"@id":"https:\/\/rusticasfaiges.com\/#website"},"datePublished":"2019-05-31T20:19:42+00:00","dateModified":"2020-09-08T11:16:29+00:00","description":"En nuestro apartado contacto podr\u00e1s contactar con nosotros, pedir informaci\u00f3n sobre nuestros productos y hacer sugerencias","breadcrumb":{"@id":"https:\/\/rusticasfaiges.com\/ca\/contacto\/#breadcrumb"},"inLanguage":"ca","potentialAction":[{"@type":"ReadAction","target":["https:\/\/rusticasfaiges.com\/ca\/contacto\/"]}]},{"@type":"BreadcrumbList","@id":"https:\/\/rusticasfaiges.com\/ca\/contacto\/#breadcrumb","itemListElement":[{"@type":"ListItem","position":1,"name":"Portada","item":"https:\/\/rusticasfaiges.com\/ca\/"},{"@type":"ListItem","position":2,"name":"Contacte"}]},{"@type":"WebSite","@id":"https:\/\/rusticasfaiges.com\/#website","url":"https:\/\/rusticasfaiges.com\/","name":"R\u00fasticas Faiges","description":"","potentialAction":[{"@type":"SearchAction","target":{"@type":"EntryPoint","urlTemplate":"https:\/\/rusticasfaiges.com\/?s={search_term_string}"},"query-input":{"@type":"PropertyValueSpecification","valueRequired":true,"valueName":"search_term_string"}}],"inLanguage":"ca"}]}},"_links":{"self":[{"href":"https:\/\/rusticasfaiges.com\/ca\/wp-json\/wp\/v2\/pages\/11361","targetHints":{"allow":["GET"]}}],"collection":[{"href":"https:\/\/rusticasfaiges.com\/ca\/wp-json\/wp\/v2\/pages"}],"about":[{"href":"https:\/\/rusticasfaiges.com\/ca\/wp-json\/wp\/v2\/types\/page"}],"author":[{"embeddable":true,"href":"https:\/\/rusticasfaiges.com\/ca\/wp-json\/wp\/v2\/users\/1"}],"replies":[{"embeddable":true,"href":"https:\/\/rusticasfaiges.com\/ca\/wp-json\/wp\/v2\/comments?post=11361"}],"version-history":[{"count":6,"href":"https:\/\/rusticasfaiges.com\/ca\/wp-json\/wp\/v2\/pages\/11361\/revisions"}],"predecessor-version":[{"id":11510,"href":"https:\/\/rusticasfaiges.com\/ca\/wp-json\/wp\/v2\/pages\/11361\/revisions\/11510"}],"wp:attachment":[{"href":"https:\/\/rusticasfaiges.com\/ca\/wp-json\/wp\/v2\/media?parent=11361"}],"curies":[{"name":"wp","href":"https:\/\/api.w.org\/{rel}","templated":true}]}}