{"id":85,"date":"2019-06-01T10:42:53","date_gmt":"2019-06-01T08:42:53","guid":{"rendered":"https:\/\/globals.app\/faiges\/politica-de-privacitat\/"},"modified":"2020-09-08T13:03:09","modified_gmt":"2020-09-08T11:03:09","slug":"politica-de-privacitat","status":"publish","type":"page","link":"https:\/\/rusticasfaiges.com\/ca\/politica-de-privacitat\/","title":{"rendered":"Pol\u00edtica de privacitat"},"content":{"rendered":"\r\n<h2 class=\"wp-block-heading\">Qui som<\/h2>\r\n\r\n\r\n\r\n<p>L&#8217;adre\u00e7a de la nostra p\u00e0gina web \u00e9s: <a href=\"https:\/\/rusticasfaiges.com\/ca\">https:\/\/rusticasfaiges.com\/ca<\/a>.<\/p>\r\n\r\n\r\n\r\n<h2 class=\"wp-block-heading\">Quines dades personals recollim i per qu\u00e8 les recollim<\/h2>\r\n\r\n\r\n\r\n<h3 class=\"wp-block-heading\">Comentaris<\/h3>\r\n\r\n\r\n\r\n<p>Quan els visitants deixen comentaris a la web, recollim les dades mostrades en el formulari de comentaris, aix\u00ed com l&#8217;adre\u00e7a IP del visitant i la cadena d&#8217;usuari-agent del navegador per ajudar a detectar correu brossa.<\/p>\r\n\r\n\r\n\r\n<p>Es pot proporcionar una cadena an\u00f2nima creada a partir de la vostra adre\u00e7a electr\u00f2nica (tamb\u00e9 anomenada hash) al servei Gravatar per veure si l&#8217;esteu utilitzant. La pol\u00edtica de privacitat del servei de Gravatar est\u00e0 disponible aqu\u00ed: https:\/\/automattic.com\/privacy\/. Despr\u00e9s de l&#8217;aprovaci\u00f3 del teu comentari, la imatge del teu perfil \u00e9s visible per al p\u00fablic en el context del teu comentari.<\/p>\r\n\r\n\r\n\r\n<h3 class=\"wp-block-heading\">Mitjans<\/h3>\r\n\r\n\r\n\r\n<p>Si carregueu imatges al web haur\u00edeu d&#8217;evitar pujar imatges amb dades d&#8217;ubicaci\u00f3 (GPS EXIF) incloses. Els visitants de la web poden descarregar i extreure les dades d&#8217;ubicaci\u00f3 de les imatges a la web.<\/p>\r\n\r\n\r\n\r\n<h3 class=\"wp-block-heading\">Formularis de contacte<\/h3>\r\n\r\n\r\n\r\n<h3 class=\"wp-block-heading\">Galetes<\/h3>\r\n\r\n\r\n\r\n<p>Si deixa un comentari al nostre lloc pot optar per guardar el seu nom, adre\u00e7a de correu electr\u00f2nic i web en les galetes. Aix\u00f2 \u00e9s per a la seva conveni\u00e8ncia, aix\u00ed no ha d&#8217;omplir les seves dades una altra vegada quan deixa un altre comentari. Aquestes galetes duraran un any.<\/p>\r\n\r\n\r\n\r\n<p>Si tens un compte i et connectes a aquest lloc, instal\u00b7larem una cookie temporal per determinar si el teu navegador accepta cookies. Aquesta galeta no cont\u00e9 dades personals i se suprimeix quan tanqueu el navegador.<\/p>\r\n\r\n\r\n\r\n<p>Quan inicieu la sessi\u00f3, tamb\u00e9 instal\u00b7larem diverses galetes per desar la informaci\u00f3 d&#8217;inici de sessi\u00f3 i les opcions de visualitzaci\u00f3 de la pantalla. Les galetes d&#8217;inici de sessi\u00f3 duren dos dies i les galetes de pantalla-opci\u00f3 duren un any. Si selecciones &#8220;remember me&#8221;, el teu login durar\u00e0 dues setmanes. Si abandoneu el compte, se suprimiran les galetes d&#8217;inici de sessi\u00f3.<\/p>\r\n\r\n\r\n\r\n<p>Si editeu o publiqueu un article, es desar\u00e0 una galeta addicional al navegador. Aquesta cookie no inclou dades personals i simplement indica l&#8217;identificador de l&#8217;element que acabem d&#8217;editar. Caduca al cap d&#8217; 1 dia.<\/p>\r\n\r\n\r\n\r\n<h3 class=\"wp-block-heading\">Contingut incrustat d&#8217;altres llocs web<\/h3>\r\n\r\n\r\n\r\n<p>Els elements d&#8217;aquest lloc poden incloure contingut incrustat (per exemple, v\u00eddeos, imatges, articles, etc.). El contingut incrustat d&#8217;altres llocs web es comporta exactament de la mateixa manera que si el visitant hagu\u00e9s visitat l&#8217;altre lloc web.<\/p>\r\n\r\n\r\n\r\n<p>Aquests llocs web poden recopilar dades sobre vost\u00e8, utilitzar cookies, incrustar un seguiment addicional de tercers i supervisar la seva interacci\u00f3 amb aquest contingut incrustat, incloent el seguiment de la seva interacci\u00f3 amb el contingut incrustat si t\u00e9 un compte i es connectats a aquest lloc web.<\/p>\r\n\r\n\r\n\r\n<h3 class=\"wp-block-heading\">Anal\u00edtica<\/h3>\r\n\r\n\r\n\r\n<h2 class=\"wp-block-heading\">Qui compartim les teves dades amb<\/h2>\r\n\r\n\r\n\r\n<h2 class=\"wp-block-heading\">Durant quant de temps conservem les seves dades<\/h2>\r\n\r\n\r\n\r\n<p>Si deixeu un comentari, el comentari i les seves metadades es conserven indefinidament. Aix\u00f2 \u00e9s per tal que puguem recon\u00e8ixer i aprovar els comentaris consecutius autom\u00e0ticament en lloc de mantenir-los en una cua de moderaci\u00f3.<\/p>\r\n\r\n\r\n\r\n<p>D&#8217;usuaris que es registrin al nostre lloc web (si n&#8217;hi ha), tamb\u00e9 emmagatzemem la informaci\u00f3 personal que proporcionen en el seu perfil d&#8217;usuari. Tots els usuaris poden veure, editar o eliminar la seva informaci\u00f3 personal en qualsevol moment (excepte que no poden canviar el seu nom d&#8217;usuari). Els administradors web tamb\u00e9 poden veure i editar aquesta informaci\u00f3.<\/p>\r\n\r\n\r\n\r\n<h2 class=\"wp-block-heading\">Quins drets tens sobre les teves dades<\/h2>\r\n\r\n\r\n\r\n<p>Si tens un compte o has deixat comentaris en aquesta web, pots sol\u00b7licitar rebre un fitxer d&#8217;exportaci\u00f3 de les dades personals que tenim sobre tu, incloent-hi qualsevol informaci\u00f3 que ens hagis proporcionat. Tamb\u00e9 pots sol\u00b7licitar que eliminem les dades personals que tenim sobre tu. Aix\u00f2 no inclou les dades que estem obligats a retenir per motius administratius, jur\u00eddics o de seguretat.<\/p>\r\n\r\n\r\n\r\n<h2 class=\"wp-block-heading\">On enviem les seves dades<\/h2>\r\n\r\n\r\n\r\n<p>Els comentaris dels visitants poden ser revisats per un servei autom\u00e0tic de detecci\u00f3 d&#8217;spam.<\/p>\r\n\r\n\r\n\r\n<h2 class=\"wp-block-heading\">La seva informaci\u00f3 de contacte<\/h2>\r\n\r\n\r\n\r\n<h2 class=\"wp-block-heading\">M\u00e9s informaci\u00f3<\/h2>\r\n\r\n\r\n\r\n<h3 class=\"wp-block-heading\">Com protegim les teves dades<\/h3>\r\n\r\n\r\n\r\n<h3 class=\"wp-block-heading\">Quins procediments fem servir contra les llacunes de dades<\/h3>\r\n\r\n\r\n\r\n<h3 class=\"wp-block-heading\">De quins tercers rebem dades<\/h3>\r\n\r\n\r\n\r\n<h3 class=\"wp-block-heading\">Quin tipus de presa de decisions automatitzades i\/o perfilat ho fem amb les dades de l&#8217;usuari<\/h3>\r\n\r\n\r\n\r\n<h3 class=\"wp-block-heading\">Requisits normatius per a la divulgaci\u00f3 de la informaci\u00f3 en el sector<\/h3>\r\n","protected":false},"excerpt":{"rendered":"<p>Qui som L&#8217;adre\u00e7a de la nostra p\u00e0gina web \u00e9s: https:\/\/rusticasfaiges.com\/ca. Quines dades personals recollim i per qu\u00e8 les recollim Comentaris Quan els visitants deixen comentaris a la web, recollim les dades mostrades en el formulari de comentaris, aix\u00ed com l&#8217;adre\u00e7a IP del visitant i la cadena d&#8217;usuari-agent del navegador per ajudar a detectar correu brossa. [&hellip;]<\/p>\n","protected":false},"author":1,"featured_media":0,"parent":0,"menu_order":0,"comment_status":"closed","ping_status":"open","template":"","meta":{"_et_pb_use_builder":"","_et_pb_old_content":"","_et_gb_content_width":"","footnotes":""},"class_list":["post-85","page","type-page","status-publish","hentry"],"yoast_head":"<!-- This site is optimized with the Yoast SEO plugin v27.4 - https:\/\/yoast.com\/product\/yoast-seo-wordpress\/ -->\n<title>Pol\u00edtica de privacitat | Tractament de dades | R\u00fasticas Faiges<\/title>\n<meta name=\"description\" content=\"A R\u00fasticas Faiges prenem les mesures necessaries per mantenir el nivell de seguretat en el tractament de les dades dels usuaris\" \/>\n<meta name=\"robots\" content=\"noindex, follow\" \/>\n<meta property=\"og:locale\" content=\"ca_ES\" \/>\n<meta property=\"og:type\" content=\"article\" \/>\n<meta property=\"og:title\" content=\"Pol\u00edtica de privacitat | Tractament de dades | R\u00fasticas Faiges\" \/>\n<meta property=\"og:description\" content=\"A R\u00fasticas Faiges prenem les mesures necessaries per mantenir el nivell de seguretat en el tractament de les dades dels usuaris\" \/>\n<meta property=\"og:url\" content=\"https:\/\/rusticasfaiges.com\/ca\/politica-de-privacitat\/\" \/>\n<meta property=\"og:site_name\" content=\"R\u00fasticas Faiges\" \/>\n<meta property=\"article:modified_time\" content=\"2020-09-08T11:03:09+00:00\" \/>\n<meta name=\"twitter:card\" content=\"summary_large_image\" \/>\n<meta name=\"twitter:label1\" content=\"Temps estimat de lectura\" \/>\n\t<meta name=\"twitter:data1\" content=\"3 minuts\" \/>\n<script type=\"application\/ld+json\" class=\"yoast-schema-graph\">{\"@context\":\"https:\\\/\\\/schema.org\",\"@graph\":[{\"@type\":\"WebPage\",\"@id\":\"https:\\\/\\\/rusticasfaiges.com\\\/ca\\\/politica-de-privacitat\\\/\",\"url\":\"https:\\\/\\\/rusticasfaiges.com\\\/ca\\\/politica-de-privacitat\\\/\",\"name\":\"Pol\u00edtica de privacitat | Tractament de dades | R\u00fasticas Faiges\",\"isPartOf\":{\"@id\":\"https:\\\/\\\/rusticasfaiges.com\\\/#website\"},\"datePublished\":\"2019-06-01T08:42:53+00:00\",\"dateModified\":\"2020-09-08T11:03:09+00:00\",\"description\":\"A R\u00fasticas Faiges prenem les mesures necessaries per mantenir el nivell de seguretat en el tractament de les dades dels usuaris\",\"breadcrumb\":{\"@id\":\"https:\\\/\\\/rusticasfaiges.com\\\/ca\\\/politica-de-privacitat\\\/#breadcrumb\"},\"inLanguage\":\"ca\",\"potentialAction\":[{\"@type\":\"ReadAction\",\"target\":[\"https:\\\/\\\/rusticasfaiges.com\\\/ca\\\/politica-de-privacitat\\\/\"]}]},{\"@type\":\"BreadcrumbList\",\"@id\":\"https:\\\/\\\/rusticasfaiges.com\\\/ca\\\/politica-de-privacitat\\\/#breadcrumb\",\"itemListElement\":[{\"@type\":\"ListItem\",\"position\":1,\"name\":\"Portada\",\"item\":\"https:\\\/\\\/rusticasfaiges.com\\\/ca\\\/\"},{\"@type\":\"ListItem\",\"position\":2,\"name\":\"Pol\u00edtica de privacitat\"}]},{\"@type\":\"WebSite\",\"@id\":\"https:\\\/\\\/rusticasfaiges.com\\\/#website\",\"url\":\"https:\\\/\\\/rusticasfaiges.com\\\/\",\"name\":\"R\u00fasticas Faiges\",\"description\":\"\",\"potentialAction\":[{\"@type\":\"SearchAction\",\"target\":{\"@type\":\"EntryPoint\",\"urlTemplate\":\"https:\\\/\\\/rusticasfaiges.com\\\/?s={search_term_string}\"},\"query-input\":{\"@type\":\"PropertyValueSpecification\",\"valueRequired\":true,\"valueName\":\"search_term_string\"}}],\"inLanguage\":\"ca\"}]}<\/script>\n<!-- \/ Yoast SEO plugin. -->","yoast_head_json":{"title":"Pol\u00edtica de privacitat | Tractament de dades | R\u00fasticas Faiges","description":"A R\u00fasticas Faiges prenem les mesures necessaries per mantenir el nivell de seguretat en el tractament de les dades dels usuaris","robots":{"index":"noindex","follow":"follow"},"og_locale":"ca_ES","og_type":"article","og_title":"Pol\u00edtica de privacitat | Tractament de dades | R\u00fasticas Faiges","og_description":"A R\u00fasticas Faiges prenem les mesures necessaries per mantenir el nivell de seguretat en el tractament de les dades dels usuaris","og_url":"https:\/\/rusticasfaiges.com\/ca\/politica-de-privacitat\/","og_site_name":"R\u00fasticas Faiges","article_modified_time":"2020-09-08T11:03:09+00:00","twitter_card":"summary_large_image","twitter_misc":{"Temps estimat de lectura":"3 minuts"},"schema":{"@context":"https:\/\/schema.org","@graph":[{"@type":"WebPage","@id":"https:\/\/rusticasfaiges.com\/ca\/politica-de-privacitat\/","url":"https:\/\/rusticasfaiges.com\/ca\/politica-de-privacitat\/","name":"Pol\u00edtica de privacitat | Tractament de dades | R\u00fasticas Faiges","isPartOf":{"@id":"https:\/\/rusticasfaiges.com\/#website"},"datePublished":"2019-06-01T08:42:53+00:00","dateModified":"2020-09-08T11:03:09+00:00","description":"A R\u00fasticas Faiges prenem les mesures necessaries per mantenir el nivell de seguretat en el tractament de les dades dels usuaris","breadcrumb":{"@id":"https:\/\/rusticasfaiges.com\/ca\/politica-de-privacitat\/#breadcrumb"},"inLanguage":"ca","potentialAction":[{"@type":"ReadAction","target":["https:\/\/rusticasfaiges.com\/ca\/politica-de-privacitat\/"]}]},{"@type":"BreadcrumbList","@id":"https:\/\/rusticasfaiges.com\/ca\/politica-de-privacitat\/#breadcrumb","itemListElement":[{"@type":"ListItem","position":1,"name":"Portada","item":"https:\/\/rusticasfaiges.com\/ca\/"},{"@type":"ListItem","position":2,"name":"Pol\u00edtica de privacitat"}]},{"@type":"WebSite","@id":"https:\/\/rusticasfaiges.com\/#website","url":"https:\/\/rusticasfaiges.com\/","name":"R\u00fasticas Faiges","description":"","potentialAction":[{"@type":"SearchAction","target":{"@type":"EntryPoint","urlTemplate":"https:\/\/rusticasfaiges.com\/?s={search_term_string}"},"query-input":{"@type":"PropertyValueSpecification","valueRequired":true,"valueName":"search_term_string"}}],"inLanguage":"ca"}]}},"_links":{"self":[{"href":"https:\/\/rusticasfaiges.com\/ca\/wp-json\/wp\/v2\/pages\/85","targetHints":{"allow":["GET"]}}],"collection":[{"href":"https:\/\/rusticasfaiges.com\/ca\/wp-json\/wp\/v2\/pages"}],"about":[{"href":"https:\/\/rusticasfaiges.com\/ca\/wp-json\/wp\/v2\/types\/page"}],"author":[{"embeddable":true,"href":"https:\/\/rusticasfaiges.com\/ca\/wp-json\/wp\/v2\/users\/1"}],"replies":[{"embeddable":true,"href":"https:\/\/rusticasfaiges.com\/ca\/wp-json\/wp\/v2\/comments?post=85"}],"version-history":[{"count":2,"href":"https:\/\/rusticasfaiges.com\/ca\/wp-json\/wp\/v2\/pages\/85\/revisions"}],"predecessor-version":[{"id":11507,"href":"https:\/\/rusticasfaiges.com\/ca\/wp-json\/wp\/v2\/pages\/85\/revisions\/11507"}],"wp:attachment":[{"href":"https:\/\/rusticasfaiges.com\/ca\/wp-json\/wp\/v2\/media?parent=85"}],"curies":[{"name":"wp","href":"https:\/\/api.w.org\/{rel}","templated":true}]}}