{"id":11421,"date":"2019-07-09T11:07:44","date_gmt":"2019-07-09T09:07:44","guid":{"rendered":"https:\/\/rusticasfaiges.com\/producto\/jabon-puro-ecologico-rusticas-faiges\/"},"modified":"2020-09-14T13:37:20","modified_gmt":"2020-09-14T11:37:20","slug":"jabon-puro-ecologico-rusticas-faiges","status":"publish","type":"product","link":"https:\/\/rusticasfaiges.com\/ca\/producto\/jabon-puro-ecologico-rusticas-faiges\/","title":{"rendered":"Sab\u00f3 pur ecol\u00f2gic R\u00fastiques Faiges 475 gr"},"content":{"rendered":"<p><strong>Sab\u00f3 vegetal natural i veg\u00e0 100%<\/strong><\/p>\n<p>Per a la bona conservaci\u00f3 del sab\u00f3 pur \u00e9s important mantenir-lo en lloc sec i fresc.<\/p>\n<p>Mantingui&#8217;s fora de l&#8217;abast dels nens.<\/p>\n","protected":false},"excerpt":{"rendered":"<p class=\"mida-botella\">Pastilla de 475 g<\/p>\n<p>El sab\u00f3 pur ecol\u00f2gic de R\u00fastiques Faiges \u00e9s un sab\u00f3 natural biodegradable recomanat per a rentar la roba dels nens.<\/p>\n","protected":false},"featured_media":1237,"comment_status":"closed","ping_status":"closed","template":"","meta":{"_et_pb_use_builder":"","_et_pb_old_content":"","_et_gb_content_width":""},"product_brand":[],"product_cat":[50,30],"product_tag":[],"class_list":{"0":"post-11421","1":"product","2":"type-product","3":"status-publish","4":"has-post-thumbnail","6":"product_cat-productes-premium","7":"product_cat-sabo-artesanal","9":"first","10":"instock","11":"taxable","12":"shipping-taxable","13":"purchasable","14":"product-type-simple"},"yoast_head":"<!-- This site is optimized with the Yoast SEO plugin v27.4 - https:\/\/yoast.com\/product\/yoast-seo-wordpress\/ -->\n<title>Jab\u00f3n puro ecol\u00f3gico | La tienda online de R\u00fasticas Faiges<\/title>\n<meta name=\"description\" content=\"El jab\u00f3n puro ecol\u00f3gico en pastilla de 475 gr es un jab\u00f3n natural biodegradable recomendado para lavar la ropa de los ni\u00f1os\" \/>\n<meta name=\"robots\" content=\"index, follow, max-snippet:-1, max-image-preview:large, max-video-preview:-1\" \/>\n<link rel=\"canonical\" href=\"https:\/\/rusticasfaiges.com\/ca\/producto\/jabon-puro-ecologico-rusticas-faiges\/\" \/>\n<meta property=\"og:locale\" content=\"ca_ES\" \/>\n<meta property=\"og:type\" content=\"article\" \/>\n<meta property=\"og:title\" content=\"Jab\u00f3n puro ecol\u00f3gico | La tienda online de R\u00fasticas Faiges\" \/>\n<meta property=\"og:description\" content=\"El jab\u00f3n puro ecol\u00f3gico en pastilla de 475 gr es un jab\u00f3n natural biodegradable recomendado para lavar la ropa de los ni\u00f1os\" \/>\n<meta property=\"og:url\" content=\"https:\/\/rusticasfaiges.com\/ca\/producto\/jabon-puro-ecologico-rusticas-faiges\/\" \/>\n<meta property=\"og:site_name\" content=\"R\u00fasticas Faiges\" \/>\n<meta property=\"article:modified_time\" content=\"2020-09-14T11:37:20+00:00\" \/>\n<meta property=\"og:image\" content=\"https:\/\/rusticasfaiges.com\/wp-content\/uploads\/2019\/07\/3D_Jabon_PURO.jpg\" \/>\n\t<meta property=\"og:image:width\" content=\"740\" \/>\n\t<meta property=\"og:image:height\" content=\"800\" \/>\n\t<meta property=\"og:image:type\" content=\"image\/jpeg\" \/>\n<meta name=\"twitter:card\" content=\"summary_large_image\" \/>\n<script type=\"application\/ld+json\" class=\"yoast-schema-graph\">{\"@context\":\"https:\\\/\\\/schema.org\",\"@graph\":[{\"@type\":\"WebPage\",\"@id\":\"https:\\\/\\\/rusticasfaiges.com\\\/ca\\\/producto\\\/jabon-puro-ecologico-rusticas-faiges\\\/\",\"url\":\"https:\\\/\\\/rusticasfaiges.com\\\/ca\\\/producto\\\/jabon-puro-ecologico-rusticas-faiges\\\/\",\"name\":\"Jab\u00f3n puro ecol\u00f3gico | La tienda online de R\u00fasticas Faiges\",\"isPartOf\":{\"@id\":\"https:\\\/\\\/rusticasfaiges.com\\\/#website\"},\"primaryImageOfPage\":{\"@id\":\"https:\\\/\\\/rusticasfaiges.com\\\/ca\\\/producto\\\/jabon-puro-ecologico-rusticas-faiges\\\/#primaryimage\"},\"image\":{\"@id\":\"https:\\\/\\\/rusticasfaiges.com\\\/ca\\\/producto\\\/jabon-puro-ecologico-rusticas-faiges\\\/#primaryimage\"},\"thumbnailUrl\":\"https:\\\/\\\/rusticasfaiges.com\\\/wp-content\\\/uploads\\\/2019\\\/07\\\/3D_Jabon_PURO.jpg\",\"datePublished\":\"2019-07-09T09:07:44+00:00\",\"dateModified\":\"2020-09-14T11:37:20+00:00\",\"description\":\"El jab\u00f3n puro ecol\u00f3gico en pastilla de 475 gr es un jab\u00f3n natural biodegradable recomendado para lavar la ropa de los ni\u00f1os\",\"breadcrumb\":{\"@id\":\"https:\\\/\\\/rusticasfaiges.com\\\/ca\\\/producto\\\/jabon-puro-ecologico-rusticas-faiges\\\/#breadcrumb\"},\"inLanguage\":\"ca\",\"potentialAction\":[{\"@type\":\"ReadAction\",\"target\":[\"https:\\\/\\\/rusticasfaiges.com\\\/ca\\\/producto\\\/jabon-puro-ecologico-rusticas-faiges\\\/\"]}]},{\"@type\":\"ImageObject\",\"inLanguage\":\"ca\",\"@id\":\"https:\\\/\\\/rusticasfaiges.com\\\/ca\\\/producto\\\/jabon-puro-ecologico-rusticas-faiges\\\/#primaryimage\",\"url\":\"https:\\\/\\\/rusticasfaiges.com\\\/wp-content\\\/uploads\\\/2019\\\/07\\\/3D_Jabon_PURO.jpg\",\"contentUrl\":\"https:\\\/\\\/rusticasfaiges.com\\\/wp-content\\\/uploads\\\/2019\\\/07\\\/3D_Jabon_PURO.jpg\",\"width\":740,\"height\":800,\"caption\":\"Jabon_PURO\"},{\"@type\":\"BreadcrumbList\",\"@id\":\"https:\\\/\\\/rusticasfaiges.com\\\/ca\\\/producto\\\/jabon-puro-ecologico-rusticas-faiges\\\/#breadcrumb\",\"itemListElement\":[{\"@type\":\"ListItem\",\"position\":1,\"name\":\"Portada\",\"item\":\"https:\\\/\\\/rusticasfaiges.com\\\/ca\\\/\"},{\"@type\":\"ListItem\",\"position\":2,\"name\":\"Botiga online\",\"item\":\"https:\\\/\\\/rusticasfaiges.com\\\/ca\\\/tienda\\\/\"},{\"@type\":\"ListItem\",\"position\":3,\"name\":\"Sab\u00f3 pur ecol\u00f2gic R\u00fastiques Faiges 475 gr\"}]},{\"@type\":\"WebSite\",\"@id\":\"https:\\\/\\\/rusticasfaiges.com\\\/#website\",\"url\":\"https:\\\/\\\/rusticasfaiges.com\\\/\",\"name\":\"R\u00fasticas Faiges\",\"description\":\"\",\"potentialAction\":[{\"@type\":\"SearchAction\",\"target\":{\"@type\":\"EntryPoint\",\"urlTemplate\":\"https:\\\/\\\/rusticasfaiges.com\\\/?s={search_term_string}\"},\"query-input\":{\"@type\":\"PropertyValueSpecification\",\"valueRequired\":true,\"valueName\":\"search_term_string\"}}],\"inLanguage\":\"ca\"}]}<\/script>\n<!-- \/ Yoast SEO plugin. -->","yoast_head_json":{"title":"Jab\u00f3n puro ecol\u00f3gico | La tienda online de R\u00fasticas Faiges","description":"El jab\u00f3n puro ecol\u00f3gico en pastilla de 475 gr es un jab\u00f3n natural biodegradable recomendado para lavar la ropa de los ni\u00f1os","robots":{"index":"index","follow":"follow","max-snippet":"max-snippet:-1","max-image-preview":"max-image-preview:large","max-video-preview":"max-video-preview:-1"},"canonical":"https:\/\/rusticasfaiges.com\/ca\/producto\/jabon-puro-ecologico-rusticas-faiges\/","og_locale":"ca_ES","og_type":"article","og_title":"Jab\u00f3n puro ecol\u00f3gico | La tienda online de R\u00fasticas Faiges","og_description":"El jab\u00f3n puro ecol\u00f3gico en pastilla de 475 gr es un jab\u00f3n natural biodegradable recomendado para lavar la ropa de los ni\u00f1os","og_url":"https:\/\/rusticasfaiges.com\/ca\/producto\/jabon-puro-ecologico-rusticas-faiges\/","og_site_name":"R\u00fasticas Faiges","article_modified_time":"2020-09-14T11:37:20+00:00","og_image":[{"width":740,"height":800,"url":"https:\/\/rusticasfaiges.com\/wp-content\/uploads\/2019\/07\/3D_Jabon_PURO.jpg","type":"image\/jpeg"}],"twitter_card":"summary_large_image","schema":{"@context":"https:\/\/schema.org","@graph":[{"@type":"WebPage","@id":"https:\/\/rusticasfaiges.com\/ca\/producto\/jabon-puro-ecologico-rusticas-faiges\/","url":"https:\/\/rusticasfaiges.com\/ca\/producto\/jabon-puro-ecologico-rusticas-faiges\/","name":"Jab\u00f3n puro ecol\u00f3gico | La tienda online de R\u00fasticas Faiges","isPartOf":{"@id":"https:\/\/rusticasfaiges.com\/#website"},"primaryImageOfPage":{"@id":"https:\/\/rusticasfaiges.com\/ca\/producto\/jabon-puro-ecologico-rusticas-faiges\/#primaryimage"},"image":{"@id":"https:\/\/rusticasfaiges.com\/ca\/producto\/jabon-puro-ecologico-rusticas-faiges\/#primaryimage"},"thumbnailUrl":"https:\/\/rusticasfaiges.com\/wp-content\/uploads\/2019\/07\/3D_Jabon_PURO.jpg","datePublished":"2019-07-09T09:07:44+00:00","dateModified":"2020-09-14T11:37:20+00:00","description":"El jab\u00f3n puro ecol\u00f3gico en pastilla de 475 gr es un jab\u00f3n natural biodegradable recomendado para lavar la ropa de los ni\u00f1os","breadcrumb":{"@id":"https:\/\/rusticasfaiges.com\/ca\/producto\/jabon-puro-ecologico-rusticas-faiges\/#breadcrumb"},"inLanguage":"ca","potentialAction":[{"@type":"ReadAction","target":["https:\/\/rusticasfaiges.com\/ca\/producto\/jabon-puro-ecologico-rusticas-faiges\/"]}]},{"@type":"ImageObject","inLanguage":"ca","@id":"https:\/\/rusticasfaiges.com\/ca\/producto\/jabon-puro-ecologico-rusticas-faiges\/#primaryimage","url":"https:\/\/rusticasfaiges.com\/wp-content\/uploads\/2019\/07\/3D_Jabon_PURO.jpg","contentUrl":"https:\/\/rusticasfaiges.com\/wp-content\/uploads\/2019\/07\/3D_Jabon_PURO.jpg","width":740,"height":800,"caption":"Jabon_PURO"},{"@type":"BreadcrumbList","@id":"https:\/\/rusticasfaiges.com\/ca\/producto\/jabon-puro-ecologico-rusticas-faiges\/#breadcrumb","itemListElement":[{"@type":"ListItem","position":1,"name":"Portada","item":"https:\/\/rusticasfaiges.com\/ca\/"},{"@type":"ListItem","position":2,"name":"Botiga online","item":"https:\/\/rusticasfaiges.com\/ca\/tienda\/"},{"@type":"ListItem","position":3,"name":"Sab\u00f3 pur ecol\u00f2gic R\u00fastiques Faiges 475 gr"}]},{"@type":"WebSite","@id":"https:\/\/rusticasfaiges.com\/#website","url":"https:\/\/rusticasfaiges.com\/","name":"R\u00fasticas Faiges","description":"","potentialAction":[{"@type":"SearchAction","target":{"@type":"EntryPoint","urlTemplate":"https:\/\/rusticasfaiges.com\/?s={search_term_string}"},"query-input":{"@type":"PropertyValueSpecification","valueRequired":true,"valueName":"search_term_string"}}],"inLanguage":"ca"}]}},"_links":{"self":[{"href":"https:\/\/rusticasfaiges.com\/ca\/wp-json\/wp\/v2\/product\/11421","targetHints":{"allow":["GET"]}}],"collection":[{"href":"https:\/\/rusticasfaiges.com\/ca\/wp-json\/wp\/v2\/product"}],"about":[{"href":"https:\/\/rusticasfaiges.com\/ca\/wp-json\/wp\/v2\/types\/product"}],"replies":[{"embeddable":true,"href":"https:\/\/rusticasfaiges.com\/ca\/wp-json\/wp\/v2\/comments?post=11421"}],"wp:featuredmedia":[{"embeddable":true,"href":"https:\/\/rusticasfaiges.com\/ca\/wp-json\/wp\/v2\/media\/1237"}],"wp:attachment":[{"href":"https:\/\/rusticasfaiges.com\/ca\/wp-json\/wp\/v2\/media?parent=11421"}],"wp:term":[{"taxonomy":"product_brand","embeddable":true,"href":"https:\/\/rusticasfaiges.com\/ca\/wp-json\/wp\/v2\/product_brand?post=11421"},{"taxonomy":"product_cat","embeddable":true,"href":"https:\/\/rusticasfaiges.com\/ca\/wp-json\/wp\/v2\/product_cat?post=11421"},{"taxonomy":"product_tag","embeddable":true,"href":"https:\/\/rusticasfaiges.com\/ca\/wp-json\/wp\/v2\/product_tag?post=11421"}],"curies":[{"name":"wp","href":"https:\/\/api.w.org\/{rel}","templated":true}]}}