{"id":11554,"date":"2020-10-22T17:20:14","date_gmt":"2020-10-22T15:20:15","guid":{"rendered":"https:\/\/rusticasfaiges.com\/?post_type=product&#038;p=11554"},"modified":"2020-11-25T15:44:42","modified_gmt":"2020-11-25T14:44:42","slug":"oli-doliva-verge-extra-faiges-farga-250-ml","status":"publish","type":"product","link":"https:\/\/rusticasfaiges.com\/ca\/producto\/oli-doliva-verge-extra-faiges-farga-250-ml\/","title":{"rendered":"Oli d&#8217;oliva verge extra FAIGES Farga 250 ml"},"content":{"rendered":"<p>Varietat molt vigorosa i de maduraci\u00f3 primerenca. Aquesta \u00e9s la varietat de les oliveres m\u00e9s antigues de tota la Pen\u00ednsula Ib\u00e8rica. Es tracta d&#8217;una varietat de fruit allargat, la grand\u00e0ria del qual est\u00e0 qualificat entre petit i mitj\u00e0 i que \u00e9s de manera corba per un dels seus costats i aplanada per l&#8217;altre.<\/p>\n<p>Un oli daurat amb una gran diversitat d&#8217;aromes vegetals secund\u00e0ries que ens recorden fruites verdes com: l&#8217;ametlla verda, el fonoll, l&#8217;herba recentment segada, &#8230; Tamb\u00e9 trobem aromes que ens evoquen fruites madures com el pl\u00e0tan.<\/p>\n<p><strong>Ingredients<\/strong><\/p>\n<p>Oli d&#8217;oliva verge extra (AOVE).<\/p>\n<p><strong>Conservaci\u00f3<\/strong><\/p>\n<p>Conservar en un lloc fresc, sec i allunyat de la llum.<\/p>\n","protected":false},"excerpt":{"rendered":"<p class=\"mida-botella\">ampolla de 250 ml<\/p>\n<p>Aqu\u00ed pots comprar oli d&#8217;oliva verge extra FAIGES Farga 250 ml. Pur suc d&#8217;oliva obtingut nom\u00e9s mitjan\u00e7ant procediments mec\u00e0nics d&#8217;extracci\u00f3 en fred.<\/p>\n","protected":false},"featured_media":11564,"comment_status":"closed","ping_status":"closed","template":"","meta":{"_et_pb_use_builder":"","_et_pb_old_content":"","_et_gb_content_width":""},"product_brand":[],"product_cat":[29,49,50],"product_tag":[],"class_list":{"0":"post-11554","1":"product","2":"type-product","3":"status-publish","4":"has-post-thumbnail","6":"product_cat-oli-oliva-verge-extra","7":"product_cat-productes-estrella","8":"product_cat-productes-premium","10":"first","11":"outofstock","12":"taxable","13":"shipping-taxable","14":"product-type-simple"},"yoast_head":"<!-- This site is optimized with the Yoast SEO plugin v27.4 - https:\/\/yoast.com\/product\/yoast-seo-wordpress\/ -->\n<title>Oli d&#039;oliva verge extra FAIGES Farga 250 ml | R\u00fasticas Faiges<\/title>\n<meta name=\"description\" content=\"El aceite de oliva virgen extra FAIGES Farga 250 ml es un ingrediente imprescindible en la dieta mediterr\u00e1nea muy beneficioso para la salud\" \/>\n<meta name=\"robots\" content=\"index, follow, max-snippet:-1, max-image-preview:large, max-video-preview:-1\" \/>\n<link rel=\"canonical\" href=\"https:\/\/rusticasfaiges.com\/ca\/producto\/oli-doliva-verge-extra-faiges-farga-250-ml\/\" \/>\n<meta property=\"og:locale\" content=\"ca_ES\" \/>\n<meta property=\"og:type\" content=\"article\" \/>\n<meta property=\"og:title\" content=\"Oli d&#039;oliva verge extra FAIGES Farga 250 ml | R\u00fasticas Faiges\" \/>\n<meta property=\"og:description\" content=\"El aceite de oliva virgen extra FAIGES Farga 250 ml es un ingrediente imprescindible en la dieta mediterr\u00e1nea muy beneficioso para la salud\" \/>\n<meta property=\"og:url\" content=\"https:\/\/rusticasfaiges.com\/ca\/producto\/oli-doliva-verge-extra-faiges-farga-250-ml\/\" \/>\n<meta property=\"og:site_name\" content=\"R\u00fasticas Faiges\" \/>\n<meta property=\"article:modified_time\" content=\"2020-11-25T14:44:42+00:00\" \/>\n<meta property=\"og:image\" content=\"https:\/\/rusticasfaiges.com\/wp-content\/uploads\/2020\/10\/FAIGES_EVOO_PREMIUM_FARGA_250ml.jpg\" \/>\n\t<meta property=\"og:image:width\" content=\"740\" \/>\n\t<meta property=\"og:image:height\" content=\"800\" \/>\n\t<meta property=\"og:image:type\" content=\"image\/jpeg\" \/>\n<meta name=\"twitter:card\" content=\"summary_large_image\" \/>\n<meta name=\"twitter:label1\" content=\"Temps estimat de lectura\" \/>\n\t<meta name=\"twitter:data1\" content=\"1 minut\" \/>\n<script type=\"application\/ld+json\" class=\"yoast-schema-graph\">{\"@context\":\"https:\\\/\\\/schema.org\",\"@graph\":[{\"@type\":\"WebPage\",\"@id\":\"https:\\\/\\\/rusticasfaiges.com\\\/ca\\\/producto\\\/oli-doliva-verge-extra-faiges-farga-250-ml\\\/\",\"url\":\"https:\\\/\\\/rusticasfaiges.com\\\/ca\\\/producto\\\/oli-doliva-verge-extra-faiges-farga-250-ml\\\/\",\"name\":\"Oli d'oliva verge extra FAIGES Farga 250 ml | R\u00fasticas Faiges\",\"isPartOf\":{\"@id\":\"https:\\\/\\\/rusticasfaiges.com\\\/#website\"},\"primaryImageOfPage\":{\"@id\":\"https:\\\/\\\/rusticasfaiges.com\\\/ca\\\/producto\\\/oli-doliva-verge-extra-faiges-farga-250-ml\\\/#primaryimage\"},\"image\":{\"@id\":\"https:\\\/\\\/rusticasfaiges.com\\\/ca\\\/producto\\\/oli-doliva-verge-extra-faiges-farga-250-ml\\\/#primaryimage\"},\"thumbnailUrl\":\"https:\\\/\\\/rusticasfaiges.com\\\/wp-content\\\/uploads\\\/2020\\\/10\\\/FAIGES_EVOO_PREMIUM_FARGA_250ml.jpg\",\"datePublished\":\"2020-10-22T15:20:15+00:00\",\"dateModified\":\"2020-11-25T14:44:42+00:00\",\"description\":\"El aceite de oliva virgen extra FAIGES Farga 250 ml es un ingrediente imprescindible en la dieta mediterr\u00e1nea muy beneficioso para la salud\",\"breadcrumb\":{\"@id\":\"https:\\\/\\\/rusticasfaiges.com\\\/ca\\\/producto\\\/oli-doliva-verge-extra-faiges-farga-250-ml\\\/#breadcrumb\"},\"inLanguage\":\"ca\",\"potentialAction\":[{\"@type\":\"ReadAction\",\"target\":[\"https:\\\/\\\/rusticasfaiges.com\\\/ca\\\/producto\\\/oli-doliva-verge-extra-faiges-farga-250-ml\\\/\"]}]},{\"@type\":\"ImageObject\",\"inLanguage\":\"ca\",\"@id\":\"https:\\\/\\\/rusticasfaiges.com\\\/ca\\\/producto\\\/oli-doliva-verge-extra-faiges-farga-250-ml\\\/#primaryimage\",\"url\":\"https:\\\/\\\/rusticasfaiges.com\\\/wp-content\\\/uploads\\\/2020\\\/10\\\/FAIGES_EVOO_PREMIUM_FARGA_250ml.jpg\",\"contentUrl\":\"https:\\\/\\\/rusticasfaiges.com\\\/wp-content\\\/uploads\\\/2020\\\/10\\\/FAIGES_EVOO_PREMIUM_FARGA_250ml.jpg\",\"width\":740,\"height\":800},{\"@type\":\"BreadcrumbList\",\"@id\":\"https:\\\/\\\/rusticasfaiges.com\\\/ca\\\/producto\\\/oli-doliva-verge-extra-faiges-farga-250-ml\\\/#breadcrumb\",\"itemListElement\":[{\"@type\":\"ListItem\",\"position\":1,\"name\":\"Portada\",\"item\":\"https:\\\/\\\/rusticasfaiges.com\\\/ca\\\/\"},{\"@type\":\"ListItem\",\"position\":2,\"name\":\"Botiga online\",\"item\":\"https:\\\/\\\/rusticasfaiges.com\\\/ca\\\/tienda\\\/\"},{\"@type\":\"ListItem\",\"position\":3,\"name\":\"Oli d&#8217;oliva verge extra FAIGES Farga 250 ml\"}]},{\"@type\":\"WebSite\",\"@id\":\"https:\\\/\\\/rusticasfaiges.com\\\/#website\",\"url\":\"https:\\\/\\\/rusticasfaiges.com\\\/\",\"name\":\"R\u00fasticas Faiges\",\"description\":\"\",\"potentialAction\":[{\"@type\":\"SearchAction\",\"target\":{\"@type\":\"EntryPoint\",\"urlTemplate\":\"https:\\\/\\\/rusticasfaiges.com\\\/?s={search_term_string}\"},\"query-input\":{\"@type\":\"PropertyValueSpecification\",\"valueRequired\":true,\"valueName\":\"search_term_string\"}}],\"inLanguage\":\"ca\"}]}<\/script>\n<!-- \/ Yoast SEO plugin. -->","yoast_head_json":{"title":"Oli d'oliva verge extra FAIGES Farga 250 ml | R\u00fasticas Faiges","description":"El aceite de oliva virgen extra FAIGES Farga 250 ml es un ingrediente imprescindible en la dieta mediterr\u00e1nea muy beneficioso para la salud","robots":{"index":"index","follow":"follow","max-snippet":"max-snippet:-1","max-image-preview":"max-image-preview:large","max-video-preview":"max-video-preview:-1"},"canonical":"https:\/\/rusticasfaiges.com\/ca\/producto\/oli-doliva-verge-extra-faiges-farga-250-ml\/","og_locale":"ca_ES","og_type":"article","og_title":"Oli d'oliva verge extra FAIGES Farga 250 ml | R\u00fasticas Faiges","og_description":"El aceite de oliva virgen extra FAIGES Farga 250 ml es un ingrediente imprescindible en la dieta mediterr\u00e1nea muy beneficioso para la salud","og_url":"https:\/\/rusticasfaiges.com\/ca\/producto\/oli-doliva-verge-extra-faiges-farga-250-ml\/","og_site_name":"R\u00fasticas Faiges","article_modified_time":"2020-11-25T14:44:42+00:00","og_image":[{"width":740,"height":800,"url":"https:\/\/rusticasfaiges.com\/wp-content\/uploads\/2020\/10\/FAIGES_EVOO_PREMIUM_FARGA_250ml.jpg","type":"image\/jpeg"}],"twitter_card":"summary_large_image","twitter_misc":{"Temps estimat de lectura":"1 minut"},"schema":{"@context":"https:\/\/schema.org","@graph":[{"@type":"WebPage","@id":"https:\/\/rusticasfaiges.com\/ca\/producto\/oli-doliva-verge-extra-faiges-farga-250-ml\/","url":"https:\/\/rusticasfaiges.com\/ca\/producto\/oli-doliva-verge-extra-faiges-farga-250-ml\/","name":"Oli d'oliva verge extra FAIGES Farga 250 ml | R\u00fasticas Faiges","isPartOf":{"@id":"https:\/\/rusticasfaiges.com\/#website"},"primaryImageOfPage":{"@id":"https:\/\/rusticasfaiges.com\/ca\/producto\/oli-doliva-verge-extra-faiges-farga-250-ml\/#primaryimage"},"image":{"@id":"https:\/\/rusticasfaiges.com\/ca\/producto\/oli-doliva-verge-extra-faiges-farga-250-ml\/#primaryimage"},"thumbnailUrl":"https:\/\/rusticasfaiges.com\/wp-content\/uploads\/2020\/10\/FAIGES_EVOO_PREMIUM_FARGA_250ml.jpg","datePublished":"2020-10-22T15:20:15+00:00","dateModified":"2020-11-25T14:44:42+00:00","description":"El aceite de oliva virgen extra FAIGES Farga 250 ml es un ingrediente imprescindible en la dieta mediterr\u00e1nea muy beneficioso para la salud","breadcrumb":{"@id":"https:\/\/rusticasfaiges.com\/ca\/producto\/oli-doliva-verge-extra-faiges-farga-250-ml\/#breadcrumb"},"inLanguage":"ca","potentialAction":[{"@type":"ReadAction","target":["https:\/\/rusticasfaiges.com\/ca\/producto\/oli-doliva-verge-extra-faiges-farga-250-ml\/"]}]},{"@type":"ImageObject","inLanguage":"ca","@id":"https:\/\/rusticasfaiges.com\/ca\/producto\/oli-doliva-verge-extra-faiges-farga-250-ml\/#primaryimage","url":"https:\/\/rusticasfaiges.com\/wp-content\/uploads\/2020\/10\/FAIGES_EVOO_PREMIUM_FARGA_250ml.jpg","contentUrl":"https:\/\/rusticasfaiges.com\/wp-content\/uploads\/2020\/10\/FAIGES_EVOO_PREMIUM_FARGA_250ml.jpg","width":740,"height":800},{"@type":"BreadcrumbList","@id":"https:\/\/rusticasfaiges.com\/ca\/producto\/oli-doliva-verge-extra-faiges-farga-250-ml\/#breadcrumb","itemListElement":[{"@type":"ListItem","position":1,"name":"Portada","item":"https:\/\/rusticasfaiges.com\/ca\/"},{"@type":"ListItem","position":2,"name":"Botiga online","item":"https:\/\/rusticasfaiges.com\/ca\/tienda\/"},{"@type":"ListItem","position":3,"name":"Oli d&#8217;oliva verge extra FAIGES Farga 250 ml"}]},{"@type":"WebSite","@id":"https:\/\/rusticasfaiges.com\/#website","url":"https:\/\/rusticasfaiges.com\/","name":"R\u00fasticas Faiges","description":"","potentialAction":[{"@type":"SearchAction","target":{"@type":"EntryPoint","urlTemplate":"https:\/\/rusticasfaiges.com\/?s={search_term_string}"},"query-input":{"@type":"PropertyValueSpecification","valueRequired":true,"valueName":"search_term_string"}}],"inLanguage":"ca"}]}},"_links":{"self":[{"href":"https:\/\/rusticasfaiges.com\/ca\/wp-json\/wp\/v2\/product\/11554","targetHints":{"allow":["GET"]}}],"collection":[{"href":"https:\/\/rusticasfaiges.com\/ca\/wp-json\/wp\/v2\/product"}],"about":[{"href":"https:\/\/rusticasfaiges.com\/ca\/wp-json\/wp\/v2\/types\/product"}],"replies":[{"embeddable":true,"href":"https:\/\/rusticasfaiges.com\/ca\/wp-json\/wp\/v2\/comments?post=11554"}],"wp:featuredmedia":[{"embeddable":true,"href":"https:\/\/rusticasfaiges.com\/ca\/wp-json\/wp\/v2\/media\/11564"}],"wp:attachment":[{"href":"https:\/\/rusticasfaiges.com\/ca\/wp-json\/wp\/v2\/media?parent=11554"}],"wp:term":[{"taxonomy":"product_brand","embeddable":true,"href":"https:\/\/rusticasfaiges.com\/ca\/wp-json\/wp\/v2\/product_brand?post=11554"},{"taxonomy":"product_cat","embeddable":true,"href":"https:\/\/rusticasfaiges.com\/ca\/wp-json\/wp\/v2\/product_cat?post=11554"},{"taxonomy":"product_tag","embeddable":true,"href":"https:\/\/rusticasfaiges.com\/ca\/wp-json\/wp\/v2\/product_tag?post=11554"}],"curies":[{"name":"wp","href":"https:\/\/api.w.org\/{rel}","templated":true}]}}